{"id":3,"date":"2022-05-04T05:27:08","date_gmt":"2022-05-04T05:27:08","guid":{"rendered":"https:\/\/rubi5.com\/?page_id=3"},"modified":"2023-08-21T10:26:12","modified_gmt":"2023-08-21T08:26:12","slug":"politica-de-privacidad-y-cookies","status":"publish","type":"page","link":"https:\/\/rubi5.com\/staging\/politica-de-privacidad-y-cookies\/","title":{"rendered":"Pol\u00edtica de privacidad y cookies"},"content":{"rendered":"\n<h2 class=\"wp-block-heading\">Qui\u00e9nes somos<\/h2>\n\n\n\n<p><strong>Rubicin S.L.<\/strong> utiliza sus datos personales con la \u00fanica finalidad de ofrecerle nuestros servicios como empresa, a fin de realizar todas las gestiones (realizaci\u00f3n de presupuestos, formalizaci\u00f3n de pedidos, env\u00edo de facturaci\u00f3n, remisi\u00f3n de ofertas y promociones que consideramos de su inter\u00e9s, confirmaci\u00f3n del env\u00edo y recepci\u00f3n de su pedido, o modificaciones en los mismos, entre otros servicios del sector de la publicidad), de una forma \u00e1gil y eficiente.<\/p>\n\n\n\n<p>Los datos recopilados (nombre y apellidos de la persona de contacto, nombre social de la empresa a la que representa, CIF o NIF identificativo de la empresa, tel\u00e9fono, direcci\u00f3n, correo electr\u00f3nico e historial de b\u00fasquedas y pedidos), solo se comparten con las p\u00e1ginas de <strong>Rubicin S.L.<\/strong> (<a href=\"https:\/\/www.rubi5.com\/\">www.rubi5.com<\/a><a href=\"http:\/\/www.espanaeslacana.es\/\" target=\"_blank\" rel=\"noopener\">)<\/a>. En ning\u00fan caso compartimos con terceros sus datos personales.<\/p>\n\n\n\n<p>Usted puede revocar su consentimiento para el tratamiento de sus datos en cualquier momento.<\/p>\n\n\n\n<h2 class=\"wp-block-heading\">\u00bfQu\u00e9 cubre esta pol\u00edtica de privacidad?<\/h2>\n\n\n\n<p>Esta pol\u00edtica de privacidad describe c\u00f3mo <strong>Rubicin S.L.<\/strong> (\u2018nosotros\u2019, \u2018esta web\u2019) trata sus datos personales para cumplir con sus servicios como&nbsp;<a href=\"https:\/\/www.rubi5.com\/\">www.rubi5.com<\/a>.<\/p>\n\n\n\n<p>Del mismo modo, especifica sus derechos como sujeto que ofrece voluntariamente sus datos para recibir un producto y un servicio. Incluye, por supuesto, su derecho a modificar, acceder y revocar los datos que sobre usted consta en nuestros ficheros de datos.<\/p>\n\n\n\n<h2 class=\"wp-block-heading\">\u00bfQu\u00e9 informaci\u00f3n recopilamos a trav\u00e9s de los sitios web y formularios de contacto?<\/h2>\n\n\n\n<p><strong><strong>Rubicin S.L.<\/strong> <\/strong>guarda los siguientes datos de su interacci\u00f3n esta web y de su solicitud de servicios mediante correo electr\u00f3nico de contacto:<\/p>\n\n\n\n<ul class=\"wp-block-list\">\n<li>Nombre y apellidos<\/li>\n\n\n\n<li>Correo electr\u00f3nico<\/li>\n\n\n\n<li>Tel\u00e9fono<\/li>\n\n\n\n<li>Direcci\u00f3n<\/li>\n\n\n\n<li>Detalles de pago: direcci\u00f3n de facturaci\u00f3n, datos bancarios en su relaci\u00f3n con nosotros, frecuencia de pedidos, historial de consumo.<\/li>\n\n\n\n<li>Informaci\u00f3n sobre c\u00f3mo interact\u00faa con nuestro sitio web<\/li>\n<\/ul>\n\n\n\n<h2 class=\"wp-block-heading\">\u00bfC\u00f3mo utilizamos esta informaci\u00f3n y cu\u00e1l es la base legal para este uso?<\/h2>\n\n\n\n<p>Procesamos estos datos personales en base a lo previsto en la Ley Org\u00e1nica 15\/1999, de 13 de diciembre y el REGLAMENTO (UE) 2016\/679 DEL PARLAMENTO EUROPEO Y DEL CONSEJO<br>de 27 de abril de 2016, de Protecci\u00f3n de Datos de Car\u00e1cter Personal, para los siguientes prop\u00f3sitos:<\/p>\n\n\n\n<p>Cumplir con un contrato o tomar medidas vinculadas a un contrato: esto es relevante cuando realiza una compra con nosotros. Esto incluye:<\/p>\n\n\n\n<ul class=\"wp-block-list\">\n<li>Verificar su identidad<\/li>\n\n\n\n<li>Recibir pagos<\/li>\n\n\n\n<li>Comunicarnos con usted<\/li>\n\n\n\n<li>Proporcionar servicios al cliente y organizar la entrega u otra prestaci\u00f3n de servicios y productos<\/li>\n<\/ul>\n\n\n\n<p>Donde tenemos un inter\u00e9s leg\u00edtimo. Esto incluye:<\/p>\n\n\n\n<ul class=\"wp-block-list\">\n<li>Ofrecerles una mejor experiencia de usuario en l\u00ednea<\/li>\n\n\n\n<li>Realizar investigaciones, an\u00e1lisis y estudios internos para comprender el sector y ofrecerles un mejor servicio y productos<\/li>\n<\/ul>\n\n\n\n<p>Donde nos da su consentimiento:<\/p>\n\n\n\n<ul class=\"wp-block-list\">\n<li>Le enviaremos publicidad directa en relaci\u00f3n con nuestros productos y servicios relevantes, u otros productos y servicios proporcionados por nosotros.<\/li>\n\n\n\n<li>Colocamos cookies y utilizamos tecnolog\u00edas similares de acuerdo con nuestra pol\u00edtica de cookies y la informaci\u00f3n que se le proporciona cuando se usan esas tecnolog\u00edas.<\/li>\n<\/ul>\n\n\n\n<p>En otras ocasiones en las que le pedimos su consentimiento, usaremos los datos para el prop\u00f3sito que explicamos en ese momento.<\/p>\n\n\n\n<h2 class=\"wp-block-heading\">Retirar el consentimiento u oponerse al marketing directo<\/h2>\n\n\n\n<p>Una vez nos ha conferido su&nbsp;consentimiento para el tratamiento de sus datos, puede recibir comunicaciones comerciales y publicitarias por nuestra parte que consideremos de su inter\u00e9s; del mismo modo, puede retirar este consentimiento en cualquier momento. Para ello, contacte con nosotros en&nbsp;<a href=\"mailto:import@rubi5.com\">import@rubi5.com<\/a>&nbsp;con el asunto \u2018baja datos personales\u2019.<\/p>\n\n\n\n<h2 class=\"wp-block-heading\">\u00bfQu\u00e9 derechos tengo?<\/h2>\n\n\n\n<p>Tiene derecho a solicitarnos una copia de sus datos personales; para corregir, eliminar o restringir (detener cualquier activo) el procesamiento de sus datos personales; y para obtener los datos personales que nos proporciona para un contrato o con su consentimiento en un formato estructurado y legible por m\u00e1quina, y para pedirnos que compartamos (portemos) estos datos a otro controlador.<\/p>\n\n\n\n<p>Adem\u00e1s, puede objetar el procesamiento de sus datos personales en algunas circunstancias (en particular, cuando no tenemos que procesar los datos para cumplir con un requisito contractual u otro requisito legal, o cuando utilizamos los datos para el marketing directo).<\/p>\n\n\n\n<p>Estos derechos pueden estar limitados, por ejemplo, si el cumplimiento de su solicitud revelara datos personales sobre otra persona, o si nos solicita que eliminemos informaci\u00f3n que la ley nos exige mantener o que tenga intereses leg\u00edtimos obligatorios.<\/p>\n\n\n\n<p>Para ejercer cualquiera de estos derechos, puede ponerse en contacto con nosotros. Si tiene inquietudes no resueltas, tiene derecho a quejarse ante una autoridad de protecci\u00f3n de datos de la UE donde vive, trabaja o cuando cree que se ha producido una infracci\u00f3n.<\/p>\n\n\n\n<h2 class=\"wp-block-heading\">\u00bfC\u00f3mo me pongo en contacto con Rubicin S.L.?<\/h2>\n\n\n\n<p>Esperamos poder satisfacer las consultas que pueda tener sobre la forma en que procesamos sus datos. Si tiene alguna inquietud sobre c\u00f3mo procesamos sus datos, o si desea optar por no participar del marketing directo, puede ponerse en contacto con nosotros en&nbsp;<a href=\"mailto:import@rubi5.com\">import@rubi5.com<\/a>&nbsp;con el asunto \u2018baja datos personales\u2019.<\/p>\n\n\n\n<p><strong><strong>Rubicin S.L.<\/strong><\/strong> informa al usuario sobre la posibilidad que le asiste de ejercitar los derechos de acceso, rectificaci\u00f3n, oposici\u00f3n y cancelaci\u00f3n de los datos personales recogidos. Los derechos de acceso, rectificaci\u00f3n, oposici\u00f3n y cancelaci\u00f3n podr\u00e1n ser ejercitados por el usuario, y en su caso quien lo represente, mediante solicitud por solicitud escrita y firmada dirigida a la siguiente direcci\u00f3n: Rubicin S.L. C\/ Madre de Dios 4, 47011 \u2013 Valladolid. Dicha solicitud deber\u00e1 contener los siguientes datos: nombre y apellidos del usuario, domicilio a efectos de notificaciones, fotocopia del Documento Nacional de Identidad o Pasaporte, y petici\u00f3n en que se concreta la solicitud. En el caso de representaci\u00f3n, deber\u00e1 probarse la misma mediante documento fehaciente.<\/p>\n\n\n\n<h2 class=\"wp-block-heading\"><strong><strong>\u00bfQu\u00e9 entidad es mi delegado de datos y con qu\u00e9 afiliados pueden compartir mis datos?<\/strong><\/strong><\/h2>\n\n\n\n<p>El controlador de datos para su informaci\u00f3n es <strong><strong>Rubicin S.L.<\/strong><\/strong> Sus datos personales pueden ser compartidos con otros miembros de nuestro grupo.<\/p>\n\n\n\n<h2 class=\"wp-block-heading\"><strong>\u00bfCu\u00e1nto tiempo conservar\u00e1n mis datos?<\/strong><\/h2>\n\n\n\n<p>Los datos se conservan mientras sea un usuario activo de nuestro sitio y durante doce meses despu\u00e9s de esto.<\/p>\n\n\n\n<p>En los casos en que procesemos datos personales con fines de comercializaci\u00f3n o con su consentimiento, procesaremos los datos hasta que nos pida que nos detengamos y por un breve per\u00edodo despu\u00e9s de esto (para permitirnos implementar sus solicitudes). Tambi\u00e9n mantenemos un registro de la solicitud de no env\u00edo de  publicidad directa o de proceso de  datos, para que podamos respetar su solicitud en el futuro.<\/p>\n\n\n\n<p>En los casos en los que procesamos datos personales relacionados con la ejecuci\u00f3n de un contrato, conservamos los datos transaccionales durante seis a\u00f1os a partir de su \u00faltima interacci\u00f3n con nosotros (o el per\u00edodo m\u00e1s largo que requiera la ley).<\/p>\n\n\n\n<h2 class=\"wp-block-heading\"><strong>Pol\u00edtica de cookies<\/strong><\/h2>\n\n\n\n<p><em>&#8220;Cookie&#8221;<\/em>&nbsp;es un fichero que se descarga en su ordenador al acceder a determinadas p\u00e1ginas web. Las cookies permiten a una p\u00e1gina web, entre otras cosas, almacenar y recuperar informaci\u00f3n sobre los h\u00e1bitos de navegaci\u00f3n de un usuario o de su equipo y, dependiendo de la informaci\u00f3n que contengan y de la forma en que utilice su equipo, pueden utilizarse para reconocer al usuario.<\/p>\n\n\n\n<p>El navegador del usuario memoriza cookies en el disco duro solamente durante la sesi\u00f3n actual ocupando un espacio de memoria m\u00ednimo y no perjudicando al ordenador. Las cookies no contienen ninguna clase de informaci\u00f3n personal espec\u00edfica, y la mayor\u00eda de las mismas se borran del disco duro al finalizar la sesi\u00f3n de navegador (las denominadas cookies de sesi\u00f3n).<\/p>\n\n\n\n<p>La mayor\u00eda de los navegadores aceptan como est\u00e1ndar a las cookies y, con independencia de las mismas, permiten o impiden en los ajustes de seguridad las cookies temporales o memorizadas.<\/p>\n\n\n\n<p>En cumplimiento de la Ley Org\u00e1nica 15\/1999, de 13 de diciembre y el REGLAMENTO (UE) 2016\/679 DEL PARLAMENTO EUROPEO Y DEL CONSEJO&nbsp;de 27 de abril de 2016, de Protecci\u00f3n de Datos de Car\u00e1cter Personal, sin su expreso consentimiento (mediante la activaci\u00f3n de las cookies en su navegador) www.rubi5.com no enlazar\u00e1 en las cookies los datos memorizados con sus datos personales proporcionados en el momento del registro o la compra.<\/p>\n\n\n\n<h2 class=\"wp-block-heading\"><strong>\u00bfQu\u00e9 tipos de cookies utiliza esta p\u00e1gina web?<\/strong><\/h2>\n\n\n\n<p>Cookies&nbsp;t\u00e9cnicas: Son aquellas que permiten al usuario la navegaci\u00f3n a trav\u00e9s de una p\u00e1gina web, plataforma o aplicaci\u00f3n y la utilizaci\u00f3n de las diferentes opciones o servicios que en ella existan como, por ejemplo, controlar el tr\u00e1fico y la comunicaci\u00f3n de datos, identificar la sesi\u00f3n, acceder a partes de acceso restringido, recordar los elementos que integran un pedido, realizar el proceso de compra de un pedido, realizar la solicitud de inscripci\u00f3n o participaci\u00f3n en un evento, utilizar elementos de seguridad durante la navegaci\u00f3n, almacenar contenidos para la difusi\u00f3n de v\u00eddeos o sonido o compartir contenidos a trav\u00e9s de redes sociales.<\/p>\n\n\n\n<p>Cookies&nbsp;de personalizaci\u00f3n: Son aqu\u00e9llas que permiten al usuario acceder al servicio con algunas caracter\u00edsticas de car\u00e1cter general predefinidas en funci\u00f3n de una serie de criterios en el terminal del usuario como por ejemplo serian el idioma, el tipo de navegador a trav\u00e9s del cual accede al servicio, la configuraci\u00f3n regional desde donde accede al servicio, etc.<\/p>\n\n\n\n<p>Cookies de an\u00e1lisis: Son aqu\u00e9llas que bien tratadas por nosotros o por terceros, nos permiten cuantificar el n\u00famero de usuarios y as\u00ed realizar la medici\u00f3n y an\u00e1lisis estad\u00edstico de la utilizaci\u00f3n que hacen los usuarios del servicio ofertado. Para ello se analiza su navegaci\u00f3n en nuestra p\u00e1gina web con el fin de mejorar la oferta de productos o servicios que le ofrecemos.<\/p>\n\n\n\n<p>Cookies publicitarias: Son aqu\u00e9llas que, bien tratadas por nosotros o por terceros, nos permiten gestionar de la forma m\u00e1s eficaz posible la oferta de los espacios publicitarios que hay en la p\u00e1gina web, adecuando el contenido del anuncio al contenido del servicio solicitado o al uso que realice de nuestra p\u00e1gina web. Para ello podemos analizar sus h\u00e1bitos de navegaci\u00f3n en Internet y podemos mostrarle publicidad relacionada con su perfil de navegaci\u00f3n.<\/p>\n\n\n\n<p>Cookies de&nbsp;publicidad comportamental: Son aqu\u00e9llas que permiten la gesti\u00f3n, de la forma m\u00e1s eficaz posible, de los espacios publicitarios que, en su caso, el editor haya incluido en una p\u00e1gina web, aplicaci\u00f3n o plataforma desde la que presta el servicio solicitado. Estas cookies almacenan informaci\u00f3n del comportamiento de los usuarios obtenida a trav\u00e9s de la observaci\u00f3n continuada de sus h\u00e1bitos de navegaci\u00f3n, lo que permite desarrollar un perfil espec\u00edfico para mostrar publicidad en funci\u00f3n del mismo.<\/p>\n\n\n\n<p>Cookies de terceros: www.rubi5.com puede utilizar&nbsp;servicios de terceros que, por cuenta de <strong>Rubicin S.L.<\/strong>, recopilaran informaci\u00f3n, con fines estad\u00edsticos, de uso del sitio por parte del usuario y para la prestaci\u00f3n de otros servicios relacionados con la actividad de la web y otros servicios de Internet.<\/p>\n\n\n\n<p>En particular, este sitio Web utiliza:<\/p>\n\n\n\n<p>Google Analytics, un servicio anal\u00edtico de web prestado por Google, Inc. con domicilio en los Estados Unidos con sede central en 1600 Amphitheatre Parkway, Mountain View, California 94043.&nbsp; Para la prestaci\u00f3n de estos servicios, estos&nbsp;utilizan cookies que recopilan la informaci\u00f3n, incluida la direcci\u00f3n IP del usuario, que ser\u00e1&nbsp;transmitida, tratada y almacenada por&nbsp;Google&nbsp;en los t\u00e9rminos fijados en la Web Google.com. Incluyendo la posible&nbsp;transmisi\u00f3n de dicha informaci\u00f3n a terceros por razones de exigencia legal o cuando dichos terceros&nbsp;procesen la informaci\u00f3n por cuenta de Google.<\/p>\n\n\n\n<p>Esta herramienta no obtiene datos sobre tu nombre o apellidos ni de la direcci\u00f3n postal desde donde te conectas. La informaci\u00f3n que obtiene est\u00e1 relacionada con el n\u00famero de p\u00e1ginas visitadas, el idioma, la ciudad a la que est\u00e1 asignada la direcci\u00f3n IP desde la que accede, el n\u00famero de nuevos usuarios, la frecuencia y reincidencia de las visitas, el tiempo de visita, el navegador y el operador o tipo de terminal desde el que se realiza la visita. Para m\u00e1s detalles, consulte la <a href=\"https:\/\/policies.google.com\/privacy?hl=es\" target=\"_blank\" rel=\"noreferrer noopener\">pol\u00edtica de privacidad<\/a>.<\/p>\n\n\n\n<p>Mailchimp<strong>,<\/strong>&nbsp;un servicio de email marketing prestado por MailChimp Inc., que es una empresa radicada en Estados Unidos y se encuentra adherida a los principios de \u201cPuerto Seguro\u201d (Safe Harbor), de acuerdo con la Decisi\u00f3n 2000\/520\/CE de la Comisi\u00f3n de 26 de julio de 2000 lo que la convierte en una entidad con un nivel adecuado de protecci\u00f3n a efectos de la LOPD. Para m\u00e1s detalles, consulte la <a href=\"https:\/\/www.intuit.com\/privacy\/statement\/\" target=\"_blank\" rel=\"noreferrer noopener\">pol\u00edtica de privacidad<\/a>.<\/p>\n","protected":false},"excerpt":{"rendered":"<p>Qui\u00e9nes somos Rubicin S.L. utiliza sus datos personales con la \u00fanica finalidad de ofrecerle nuestros servicios como empresa, a fin<\/p>\n","protected":false},"author":3,"featured_media":0,"parent":0,"menu_order":0,"comment_status":"closed","ping_status":"open","template":"","meta":{"_acf_changed":false,"footnotes":""},"class_list":["post-3","page","type-page","status-publish","hentry"],"acf":[],"_links":{"self":[{"href":"https:\/\/rubi5.com\/staging\/wp-json\/wp\/v2\/pages\/3","targetHints":{"allow":["GET"]}}],"collection":[{"href":"https:\/\/rubi5.com\/staging\/wp-json\/wp\/v2\/pages"}],"about":[{"href":"https:\/\/rubi5.com\/staging\/wp-json\/wp\/v2\/types\/page"}],"author":[{"embeddable":true,"href":"https:\/\/rubi5.com\/staging\/wp-json\/wp\/v2\/users\/3"}],"replies":[{"embeddable":true,"href":"https:\/\/rubi5.com\/staging\/wp-json\/wp\/v2\/comments?post=3"}],"version-history":[{"count":3,"href":"https:\/\/rubi5.com\/staging\/wp-json\/wp\/v2\/pages\/3\/revisions"}],"predecessor-version":[{"id":57520,"href":"https:\/\/rubi5.com\/staging\/wp-json\/wp\/v2\/pages\/3\/revisions\/57520"}],"wp:attachment":[{"href":"https:\/\/rubi5.com\/staging\/wp-json\/wp\/v2\/media?parent=3"}],"curies":[{"name":"wp","href":"https:\/\/api.w.org\/{rel}","templated":true}]}}