{"id":4400,"date":"2021-10-12T15:51:09","date_gmt":"2021-10-12T15:51:09","guid":{"rendered":"http:\/\/dummy.xtemos.com\/woodmart2\/elementor\/?page_id=4400"},"modified":"2024-06-12T12:32:22","modified_gmt":"2024-06-12T10:32:22","slug":"quienes-somos","status":"publish","type":"page","link":"https:\/\/rubi5.com\/staging\/quienes-somos\/","title":{"rendered":"\u00bfQui\u00e9nes somos?"},"content":{"rendered":"\t\t<div data-elementor-type=\"wp-page\" data-elementor-id=\"4400\" class=\"elementor elementor-4400\">\n\t\t\t\t\t\t<section class=\"wd-negative-gap elementor-section elementor-top-section elementor-element elementor-element-c541cf6 elementor-section-boxed elementor-section-height-default elementor-section-height-default\" data-id=\"c541cf6\" data-element_type=\"section\" data-e-type=\"section\">\n\t\t\t\t\t\t<div class=\"elementor-container elementor-column-gap-default\">\n\t\t\t\t\t<div class=\"elementor-column elementor-col-100 elementor-top-column elementor-element elementor-element-e2742de\" data-id=\"e2742de\" data-element_type=\"column\" data-e-type=\"column\">\n\t\t\t<div class=\"elementor-widget-wrap elementor-element-populated\">\n\t\t\t\t\t\t<div class=\"elementor-element elementor-element-dcc453d elementor-widget elementor-widget-heading\" data-id=\"dcc453d\" data-element_type=\"widget\" data-e-type=\"widget\" data-widget_type=\"heading.default\">\n\t\t\t\t<div class=\"elementor-widget-container\">\n\t\t\t\t\t<h1 class=\"elementor-heading-title elementor-size-default\">LA HISTORIA DE RUBI5<\/h1>\t\t\t\t<\/div>\n\t\t\t\t<\/div>\n\t\t\t\t\t<\/div>\n\t\t<\/div>\n\t\t\t\t\t<\/div>\n\t\t<\/section>\n\t\t\t\t<section class=\"wd-negative-gap elementor-section elementor-top-section elementor-element elementor-element-7465b00 elementor-reverse-mobile elementor-section-boxed elementor-section-height-default elementor-section-height-default\" data-id=\"7465b00\" data-element_type=\"section\" data-e-type=\"section\">\n\t\t\t\t\t\t<div class=\"elementor-container elementor-column-gap-default\">\n\t\t\t\t\t<div class=\"elementor-column elementor-col-50 elementor-top-column elementor-element elementor-element-6f7fb00\" data-id=\"6f7fb00\" data-element_type=\"column\" data-e-type=\"column\">\n\t\t\t<div class=\"elementor-widget-wrap elementor-element-populated\">\n\t\t\t\t\t\t<div class=\"elementor-element elementor-element-fc1ea77 elementor-widget elementor-widget-image\" data-id=\"fc1ea77\" data-element_type=\"widget\" data-e-type=\"widget\" data-widget_type=\"image.default\">\n\t\t\t\t<div class=\"elementor-widget-container\">\n\t\t\t\t\t\t\t\t\t\t\t\t\t\t\t<img loading=\"lazy\" decoding=\"async\" width=\"420\" height=\"850\" src=\"https:\/\/rubi5.com\/staging\/wp-content\/uploads\/2024\/01\/RUBI5-Origenes.jpg\" class=\"attachment-full size-full wp-image-60978\" alt=\"RUBI5 Or\u00edgenes\" srcset=\"https:\/\/rubi5.com\/staging\/wp-content\/uploads\/2024\/01\/RUBI5-Origenes.jpg 420w, https:\/\/rubi5.com\/staging\/wp-content\/uploads\/2024\/01\/RUBI5-Origenes-148x300.jpg 148w, https:\/\/rubi5.com\/staging\/wp-content\/uploads\/2024\/01\/RUBI5-Origenes-395x800.jpg 395w, https:\/\/rubi5.com\/staging\/wp-content\/uploads\/2024\/01\/RUBI5-Origenes-6x12.jpg 6w, https:\/\/rubi5.com\/staging\/wp-content\/uploads\/2024\/01\/RUBI5-Origenes-150x304.jpg 150w\" sizes=\"auto, (max-width: 420px) 100vw, 420px\" title=\"\">\t\t\t\t\t\t\t\t\t\t\t\t\t\t\t<\/div>\n\t\t\t\t<\/div>\n\t\t\t\t\t<\/div>\n\t\t<\/div>\n\t\t\t\t<div class=\"elementor-column elementor-col-50 elementor-top-column elementor-element elementor-element-d729a2b\" data-id=\"d729a2b\" data-element_type=\"column\" data-e-type=\"column\">\n\t\t\t<div class=\"elementor-widget-wrap elementor-element-populated\">\n\t\t\t\t\t\t<div class=\"elementor-element elementor-element-3b43a62 elementor-widget elementor-widget-heading\" data-id=\"3b43a62\" data-element_type=\"widget\" data-e-type=\"widget\" data-widget_type=\"heading.default\">\n\t\t\t\t<div class=\"elementor-widget-container\">\n\t\t\t\t\t<h2 class=\"elementor-heading-title elementor-size-default\">\u00bfQuienes somos...?<\/h2>\t\t\t\t<\/div>\n\t\t\t\t<\/div>\n\t\t\t\t<div class=\"elementor-element elementor-element-63fccbd color-scheme-inherit text-left elementor-widget elementor-widget-text-editor\" data-id=\"63fccbd\" data-element_type=\"widget\" data-e-type=\"widget\" data-widget_type=\"text-editor.default\">\n\t\t\t\t<div class=\"elementor-widget-container\">\n\t\t\t\t\t\t\t\t\t<div><b>RUBI5 es una empresa familiar l\u00edder en el sector de los regalos publicitarios con una trayectoria de m\u00e1s de 29 a\u00f1os.<\/b><\/div><div><p>Toda la experiencia de estos a\u00f1os en el sector del marketing y la publicidad, nos hacen tener un conocimiento muy diverso sobre los m\u00e9todos m\u00e1s exitosos a la hora de promocionar tu empresa o marca.<\/p><p>Somos conscientes de la diversidad del mercado, y adaptamos nuestro trabajo tanto para realizar campa\u00f1as de gran calado con grandes empresas, como planes promocionales muy personalizadas para todo tipo de pymes.<\/p><\/div>\t\t\t\t\t\t\t\t<\/div>\n\t\t\t\t<\/div>\n\t\t\t\t\t<\/div>\n\t\t<\/div>\n\t\t\t\t\t<\/div>\n\t\t<\/section>\n\t\t\t\t<section class=\"wd-negative-gap elementor-section elementor-top-section elementor-element elementor-element-2f085fb elementor-section-boxed elementor-section-height-default elementor-section-height-default\" data-id=\"2f085fb\" data-element_type=\"section\" data-e-type=\"section\">\n\t\t\t\t\t\t<div class=\"elementor-container elementor-column-gap-default\">\n\t\t\t\t\t<div class=\"elementor-column elementor-col-50 elementor-top-column elementor-element elementor-element-45a3020\" data-id=\"45a3020\" data-element_type=\"column\" data-e-type=\"column\">\n\t\t\t<div class=\"elementor-widget-wrap elementor-element-populated\">\n\t\t\t\t\t\t<div class=\"elementor-element elementor-element-8785e74 color-scheme-inherit text-left elementor-widget elementor-widget-text-editor\" data-id=\"8785e74\" data-element_type=\"widget\" data-e-type=\"widget\" data-widget_type=\"text-editor.default\">\n\t\t\t\t<div class=\"elementor-widget-container\">\n\t\t\t\t\t\t\t\t\t<p><b>En 1994, Atilano Ingelmo comienza a escribir la historia de RUBI5 Regalos Publicitarios.<\/b><\/p><p>Con la ilusi\u00f3n de un emprendedor, se inicia la historia de nuestra empresa en el sector de los regalos publicitarios, el merchandising y los regalos de empresa.<\/p><p>En ese sentido, la filosof\u00eda de por aquel entonces, ha perdurado durante m\u00e1s de 3 d\u00e9cadas hasta nuestros d\u00edas.<\/p><p>Siempre ayudando a empresas, marcas, asociaciones y organismos de todo tipo a lograr sus objetivos con campa\u00f1as promocionales efectivas.<\/p>\t\t\t\t\t\t\t\t<\/div>\n\t\t\t\t<\/div>\n\t\t\t\t\t<\/div>\n\t\t<\/div>\n\t\t\t\t<div class=\"elementor-column elementor-col-50 elementor-top-column elementor-element elementor-element-7efe138\" data-id=\"7efe138\" data-element_type=\"column\" data-e-type=\"column\">\n\t\t\t<div class=\"elementor-widget-wrap elementor-element-populated\">\n\t\t\t\t\t\t<div class=\"elementor-element elementor-element-00be5ca elementor-widget elementor-widget-image\" data-id=\"00be5ca\" data-element_type=\"widget\" data-e-type=\"widget\" data-widget_type=\"image.default\">\n\t\t\t\t<div class=\"elementor-widget-container\">\n\t\t\t\t\t\t\t\t\t\t\t\t\t\t\t<img loading=\"lazy\" decoding=\"async\" width=\"700\" height=\"500\" src=\"https:\/\/rubi5.com\/staging\/wp-content\/uploads\/2024\/01\/RUBI5-Origenes3.jpg\" class=\"attachment-full size-full wp-image-61001\" alt=\"RUBI5 Or\u00edgenes3\" srcset=\"https:\/\/rubi5.com\/staging\/wp-content\/uploads\/2024\/01\/RUBI5-Origenes3.jpg 700w, https:\/\/rubi5.com\/staging\/wp-content\/uploads\/2024\/01\/RUBI5-Origenes3-400x286.jpg 400w, https:\/\/rubi5.com\/staging\/wp-content\/uploads\/2024\/01\/RUBI5-Origenes3-18x12.jpg 18w, https:\/\/rubi5.com\/staging\/wp-content\/uploads\/2024\/01\/RUBI5-Origenes3-430x307.jpg 430w, https:\/\/rubi5.com\/staging\/wp-content\/uploads\/2024\/01\/RUBI5-Origenes3-150x107.jpg 150w\" sizes=\"auto, (max-width: 700px) 100vw, 700px\" title=\"\">\t\t\t\t\t\t\t\t\t\t\t\t\t\t\t<\/div>\n\t\t\t\t<\/div>\n\t\t\t\t\t<\/div>\n\t\t<\/div>\n\t\t\t\t\t<\/div>\n\t\t<\/section>\n\t\t\t\t<section class=\"wd-negative-gap elementor-section elementor-top-section elementor-element elementor-element-75f3293 elementor-reverse-mobile elementor-section-boxed elementor-section-height-default elementor-section-height-default\" data-id=\"75f3293\" data-element_type=\"section\" data-e-type=\"section\">\n\t\t\t\t\t\t<div class=\"elementor-container elementor-column-gap-default\">\n\t\t\t\t\t<div class=\"elementor-column elementor-col-50 elementor-top-column elementor-element elementor-element-c389474\" data-id=\"c389474\" data-element_type=\"column\" data-e-type=\"column\">\n\t\t\t<div class=\"elementor-widget-wrap elementor-element-populated\">\n\t\t\t\t\t\t<div class=\"elementor-element elementor-element-ab06cd2 elementor-widget elementor-widget-image\" data-id=\"ab06cd2\" data-element_type=\"widget\" data-e-type=\"widget\" data-widget_type=\"image.default\">\n\t\t\t\t<div class=\"elementor-widget-container\">\n\t\t\t\t\t\t\t\t\t\t\t\t\t\t\t<img loading=\"lazy\" decoding=\"async\" width=\"700\" height=\"500\" src=\"https:\/\/rubi5.com\/staging\/wp-content\/uploads\/2024\/01\/RUBI5-Origenes4.jpg\" class=\"attachment-full size-full wp-image-61010\" alt=\"RUBI5 Or\u00edgenes4\" srcset=\"https:\/\/rubi5.com\/staging\/wp-content\/uploads\/2024\/01\/RUBI5-Origenes4.jpg 700w, https:\/\/rubi5.com\/staging\/wp-content\/uploads\/2024\/01\/RUBI5-Origenes4-400x286.jpg 400w, https:\/\/rubi5.com\/staging\/wp-content\/uploads\/2024\/01\/RUBI5-Origenes4-18x12.jpg 18w, https:\/\/rubi5.com\/staging\/wp-content\/uploads\/2024\/01\/RUBI5-Origenes4-430x307.jpg 430w, https:\/\/rubi5.com\/staging\/wp-content\/uploads\/2024\/01\/RUBI5-Origenes4-150x107.jpg 150w\" sizes=\"auto, (max-width: 700px) 100vw, 700px\" title=\"\">\t\t\t\t\t\t\t\t\t\t\t\t\t\t\t<\/div>\n\t\t\t\t<\/div>\n\t\t\t\t\t<\/div>\n\t\t<\/div>\n\t\t\t\t<div class=\"elementor-column elementor-col-50 elementor-top-column elementor-element elementor-element-edfa05a\" data-id=\"edfa05a\" data-element_type=\"column\" data-e-type=\"column\">\n\t\t\t<div class=\"elementor-widget-wrap elementor-element-populated\">\n\t\t\t\t\t\t<div class=\"elementor-element elementor-element-9cfe540 elementor-widget__width-initial color-scheme-inherit text-left elementor-widget elementor-widget-text-editor\" data-id=\"9cfe540\" data-element_type=\"widget\" data-e-type=\"widget\" data-widget_type=\"text-editor.default\">\n\t\t\t\t<div class=\"elementor-widget-container\">\n\t\t\t\t\t\t\t\t\t<p><b>En 1997,\u00a0<span style=\"font-family: Mulish, Arial, Helvetica, sans-serif; font-size: 16px; font-style: normal; font-variant-ligatures: normal; font-variant-caps: normal; background-color: var(--wd-main-bgcolor); color: var(--wd-text-color);\">se inaugura la primera tienda y exposici\u00f3n en Valladolid, situada en la calle Madre de Dios.<\/span><\/b><\/p><p>El espacio de la tienda fue dise\u00f1ado cuidadosamente para que los clientes pudieran no solo ver, sino tambi\u00e9n experimentar la calidad y la variedad de todo el cat\u00e1logo de productos.<\/p><p>De esta forma, junto con nuestras propuestas, p<span style=\"font-family: Mulish, Arial, Helvetica, sans-serif; font-size: 16px; font-style: normal; font-variant-ligatures: normal; font-variant-caps: normal; font-weight: 400; background-color: var(--wd-main-bgcolor); color: var(--wd-text-color);\">od\u00edan de manera directa\u00a0<\/span><span style=\"font-size: 16px; background-color: var(--wd-main-bgcolor); color: var(--wd-text-color);\">encontrar aquellas soluciones que mejor se alinearan con sus<\/span><span style=\"font-size: 16px; color: var(--wd-text-color); background-color: var(--wd-main-bgcolor);\">\u00a0necesidades.<\/span><\/p>\t\t\t\t\t\t\t\t<\/div>\n\t\t\t\t<\/div>\n\t\t\t\t\t<\/div>\n\t\t<\/div>\n\t\t\t\t\t<\/div>\n\t\t<\/section>\n\t\t\t\t<section class=\"wd-negative-gap elementor-section elementor-top-section elementor-element elementor-element-64562d8 elementor-section-boxed elementor-section-height-default elementor-section-height-default\" data-id=\"64562d8\" data-element_type=\"section\" data-e-type=\"section\">\n\t\t\t\t\t\t<div class=\"elementor-container elementor-column-gap-default\">\n\t\t\t\t\t<div class=\"elementor-column elementor-col-50 elementor-top-column elementor-element elementor-element-7c92164\" data-id=\"7c92164\" data-element_type=\"column\" data-e-type=\"column\">\n\t\t\t<div class=\"elementor-widget-wrap elementor-element-populated\">\n\t\t\t\t\t\t<div class=\"elementor-element elementor-element-fa277eb elementor-widget__width-initial color-scheme-inherit text-left elementor-widget elementor-widget-text-editor\" data-id=\"fa277eb\" data-element_type=\"widget\" data-e-type=\"widget\" data-widget_type=\"text-editor.default\">\n\t\t\t\t<div class=\"elementor-widget-container\">\n\t\t\t\t\t\t\t\t\t<div><b>En el a\u00f1o 1999, RUBI5 abre sus primeros talleres.<\/b><\/div><p>Esta expansi\u00f3n surge a ra\u00edz de la creciente demanda de regalos publicitarios y art\u00edculos de empresa.<\/p><p>De este modo, ser\u00eda m\u00e1s f\u00e1cil poder dar una respuesta \u00e1gil y r\u00e1pida a todas las necesidades de nuestros clientes y optimizar los tiempos de ejecuci\u00f3n.<\/p><p>Con el paso del tiempo, hemos implementado nuevas t\u00e9cnicas de grabaci\u00f3n, sabi\u00e9ndonos adaptar a cada momento.<\/p>\t\t\t\t\t\t\t\t<\/div>\n\t\t\t\t<\/div>\n\t\t\t\t\t<\/div>\n\t\t<\/div>\n\t\t\t\t<div class=\"elementor-column elementor-col-50 elementor-top-column elementor-element elementor-element-b3ffac6\" data-id=\"b3ffac6\" data-element_type=\"column\" data-e-type=\"column\">\n\t\t\t<div class=\"elementor-widget-wrap elementor-element-populated\">\n\t\t\t\t\t\t<div class=\"elementor-element elementor-element-3d57f3a elementor-widget elementor-widget-image\" data-id=\"3d57f3a\" data-element_type=\"widget\" data-e-type=\"widget\" data-widget_type=\"image.default\">\n\t\t\t\t<div class=\"elementor-widget-container\">\n\t\t\t\t\t\t\t\t\t\t\t\t\t\t\t<img loading=\"lazy\" decoding=\"async\" width=\"420\" height=\"850\" src=\"https:\/\/rubi5.com\/staging\/wp-content\/uploads\/2024\/01\/RUBI5-Origenes-2.jpg\" class=\"attachment-full size-full wp-image-60989\" alt=\"RUBI5 Or\u00edgenes 2\" srcset=\"https:\/\/rubi5.com\/staging\/wp-content\/uploads\/2024\/01\/RUBI5-Origenes-2.jpg 420w, https:\/\/rubi5.com\/staging\/wp-content\/uploads\/2024\/01\/RUBI5-Origenes-2-148x300.jpg 148w, https:\/\/rubi5.com\/staging\/wp-content\/uploads\/2024\/01\/RUBI5-Origenes-2-395x800.jpg 395w, https:\/\/rubi5.com\/staging\/wp-content\/uploads\/2024\/01\/RUBI5-Origenes-2-6x12.jpg 6w, https:\/\/rubi5.com\/staging\/wp-content\/uploads\/2024\/01\/RUBI5-Origenes-2-150x304.jpg 150w\" sizes=\"auto, (max-width: 420px) 100vw, 420px\" title=\"\">\t\t\t\t\t\t\t\t\t\t\t\t\t\t\t<\/div>\n\t\t\t\t<\/div>\n\t\t\t\t\t<\/div>\n\t\t<\/div>\n\t\t\t\t\t<\/div>\n\t\t<\/section>\n\t\t\t\t<section class=\"wd-negative-gap elementor-section elementor-top-section elementor-element elementor-element-8dfe0b7 elementor-reverse-mobile elementor-section-boxed elementor-section-height-default elementor-section-height-default\" data-id=\"8dfe0b7\" data-element_type=\"section\" data-e-type=\"section\">\n\t\t\t\t\t\t<div class=\"elementor-container elementor-column-gap-default\">\n\t\t\t\t\t<div class=\"elementor-column elementor-col-50 elementor-top-column elementor-element elementor-element-6925894\" data-id=\"6925894\" data-element_type=\"column\" data-e-type=\"column\">\n\t\t\t<div class=\"elementor-widget-wrap elementor-element-populated\">\n\t\t\t\t\t\t<div class=\"elementor-element elementor-element-a2272e8 elementor-widget elementor-widget-image\" data-id=\"a2272e8\" data-element_type=\"widget\" data-e-type=\"widget\" data-widget_type=\"image.default\">\n\t\t\t\t<div class=\"elementor-widget-container\">\n\t\t\t\t\t\t\t\t\t\t\t\t\t\t\t<img loading=\"lazy\" decoding=\"async\" width=\"700\" height=\"500\" src=\"https:\/\/rubi5.com\/staging\/wp-content\/uploads\/2024\/01\/RUBI5-Origenes5.jpg\" class=\"attachment-full size-full wp-image-61012\" alt=\"RUBI5 Or\u00edgenes5\" srcset=\"https:\/\/rubi5.com\/staging\/wp-content\/uploads\/2024\/01\/RUBI5-Origenes5.jpg 700w, https:\/\/rubi5.com\/staging\/wp-content\/uploads\/2024\/01\/RUBI5-Origenes5-400x286.jpg 400w, https:\/\/rubi5.com\/staging\/wp-content\/uploads\/2024\/01\/RUBI5-Origenes5-18x12.jpg 18w, https:\/\/rubi5.com\/staging\/wp-content\/uploads\/2024\/01\/RUBI5-Origenes5-430x307.jpg 430w, https:\/\/rubi5.com\/staging\/wp-content\/uploads\/2024\/01\/RUBI5-Origenes5-150x107.jpg 150w\" sizes=\"auto, (max-width: 700px) 100vw, 700px\" title=\"\">\t\t\t\t\t\t\t\t\t\t\t\t\t\t\t<\/div>\n\t\t\t\t<\/div>\n\t\t\t\t\t<\/div>\n\t\t<\/div>\n\t\t\t\t<div class=\"elementor-column elementor-col-50 elementor-top-column elementor-element elementor-element-6a728d4\" data-id=\"6a728d4\" data-element_type=\"column\" data-e-type=\"column\">\n\t\t\t<div class=\"elementor-widget-wrap elementor-element-populated\">\n\t\t\t\t\t\t<div class=\"elementor-element elementor-element-fee3b86 color-scheme-inherit text-left elementor-widget elementor-widget-text-editor\" data-id=\"fee3b86\" data-element_type=\"widget\" data-e-type=\"widget\" data-widget_type=\"text-editor.default\">\n\t\t\t\t<div class=\"elementor-widget-container\">\n\t\t\t\t\t\t\t\t\t<p><b>En 2018, inauguramos las instalaciones en Zarat\u00e1n (Valladolid), donde se sit\u00faan las nuevas oficinas, taller y exposici\u00f3n.<\/b><\/p><p><span style=\"background-color: var(--wd-main-bgcolor); color: var(--wd-text-color); font-size: 16px;\">Este importante paso, no solo signific\u00f3 un crecimiento en t\u00e9rminos de infraestrutura,\u00a0sino tambi\u00e9n un compromiso renovado con nuestros valores de innovaci\u00f3n, calidad y atenci\u00f3n al cliente.<\/span><\/p>\t\t\t\t\t\t\t\t<\/div>\n\t\t\t\t<\/div>\n\t\t\t\t\t<\/div>\n\t\t<\/div>\n\t\t\t\t\t<\/div>\n\t\t<\/section>\n\t\t\t\t<\/div>\n\t\t","protected":false},"excerpt":{"rendered":"<p>LA HISTORIA DE RUBI5 \u00bfQuienes somos&#8230;? RUBI5 es una empresa familiar l\u00edder en el sector de los regalos publicitarios con<\/p>\n","protected":false},"author":3,"featured_media":0,"parent":0,"menu_order":0,"comment_status":"closed","ping_status":"closed","template":"","meta":{"_acf_changed":false,"footnotes":""},"class_list":["post-4400","page","type-page","status-publish","hentry"],"acf":[],"_links":{"self":[{"href":"https:\/\/rubi5.com\/staging\/wp-json\/wp\/v2\/pages\/4400","targetHints":{"allow":["GET"]}}],"collection":[{"href":"https:\/\/rubi5.com\/staging\/wp-json\/wp\/v2\/pages"}],"about":[{"href":"https:\/\/rubi5.com\/staging\/wp-json\/wp\/v2\/types\/page"}],"author":[{"embeddable":true,"href":"https:\/\/rubi5.com\/staging\/wp-json\/wp\/v2\/users\/3"}],"replies":[{"embeddable":true,"href":"https:\/\/rubi5.com\/staging\/wp-json\/wp\/v2\/comments?post=4400"}],"version-history":[{"count":209,"href":"https:\/\/rubi5.com\/staging\/wp-json\/wp\/v2\/pages\/4400\/revisions"}],"predecessor-version":[{"id":63018,"href":"https:\/\/rubi5.com\/staging\/wp-json\/wp\/v2\/pages\/4400\/revisions\/63018"}],"wp:attachment":[{"href":"https:\/\/rubi5.com\/staging\/wp-json\/wp\/v2\/media?parent=4400"}],"curies":[{"name":"wp","href":"https:\/\/api.w.org\/{rel}","templated":true}]}}