{"id":14148,"date":"2022-12-07T10:48:57","date_gmt":"2022-12-07T08:48:57","guid":{"rendered":"https:\/\/rubi5.com\/?post_type=product&#038;p=14148"},"modified":"2026-01-22T04:35:15","modified_gmt":"2026-01-22T02:35:15","slug":"bolsa-trendik","status":"publish","type":"product","link":"https:\/\/rubi5.com\/staging\/bolsa-trendik\/","title":{"rendered":"Bolsa algod\u00f3n Trendik 240g\/m2"},"content":{"rendered":"","protected":false},"excerpt":{"rendered":"<p>Bolsa en resistente material 100% algod\u00f3n de 240g\/m2 con acabado en color natural. Con asas largas reforzadas de 70cm y acabado cosido. Resistencia hasta 9kg de peso.<\/p>\n<p><strong>Medidas: 37 x 41 cm<\/strong><\/p>\n<p>\u00bfQuieres una bolsa publicitaria muy resistente para guardar art\u00edculos tecnol\u00f3gicos como un ordenador? Este art\u00edculo es perfecto, gracias a su tejido.<\/p>\n<p>La bolsa personalizada es el merchandising que m\u00e1s se ve en las ferias, porque es un regalo promocional barato y muy pr\u00e1ctico, sobre todo en una feria o congreso, donde necesitas una bolsa donde guardar todos los folletos y regalos que te dan en el recinto.<\/p>\n","protected":false},"featured_media":57991,"template":"","meta":{"_acf_changed":false},"product_brand":[],"product_cat":[219,196,21],"product_tag":[],"class_list":{"0":"post-14148","1":"product","2":"type-product","3":"status-publish","4":"has-post-thumbnail","6":"product_cat-bolsas-de-tela","7":"product_cat-bolsas-personalizadas","8":"product_cat-bolsas-y-mochilas","10":"first","11":"instock","12":"taxable","13":"shipping-taxable","14":"purchasable","15":"product-type-variable"},"acf":[],"_links":{"self":[{"href":"https:\/\/rubi5.com\/staging\/wp-json\/wp\/v2\/product\/14148","targetHints":{"allow":["GET"]}}],"collection":[{"href":"https:\/\/rubi5.com\/staging\/wp-json\/wp\/v2\/product"}],"about":[{"href":"https:\/\/rubi5.com\/staging\/wp-json\/wp\/v2\/types\/product"}],"version-history":[{"count":7,"href":"https:\/\/rubi5.com\/staging\/wp-json\/wp\/v2\/product\/14148\/revisions"}],"predecessor-version":[{"id":60404,"href":"https:\/\/rubi5.com\/staging\/wp-json\/wp\/v2\/product\/14148\/revisions\/60404"}],"wp:featuredmedia":[{"embeddable":true,"href":"https:\/\/rubi5.com\/staging\/wp-json\/wp\/v2\/media\/57991"}],"wp:attachment":[{"href":"https:\/\/rubi5.com\/staging\/wp-json\/wp\/v2\/media?parent=14148"}],"wp:term":[{"taxonomy":"product_brand","embeddable":true,"href":"https:\/\/rubi5.com\/staging\/wp-json\/wp\/v2\/product_brand?post=14148"},{"taxonomy":"product_cat","embeddable":true,"href":"https:\/\/rubi5.com\/staging\/wp-json\/wp\/v2\/product_cat?post=14148"},{"taxonomy":"product_tag","embeddable":true,"href":"https:\/\/rubi5.com\/staging\/wp-json\/wp\/v2\/product_tag?post=14148"}],"curies":[{"name":"wp","href":"https:\/\/api.w.org\/{rel}","templated":true}]}}