{"id":14152,"date":"2022-12-07T10:48:58","date_gmt":"2022-12-07T08:48:58","guid":{"rendered":"https:\/\/rubi5.com\/?post_type=product&#038;p=14152"},"modified":"2026-01-22T04:35:15","modified_gmt":"2026-01-22T02:35:15","slug":"bolsa-klimbou","status":"publish","type":"product","link":"https:\/\/rubi5.com\/staging\/bolsa-klimbou\/","title":{"rendered":"Bolsa algod\u00f3n org\u00e1nico Klimbou 140g\/m2"},"content":{"rendered":"","protected":false},"excerpt":{"rendered":"<p>Bolsa fabricada en material 100% algod\u00f3n org\u00e1nico de 140g\/m2. Resistencia hasta 8kg.<\/p>\n<p>Con certificaci\u00f3n GOTS (Global Organic Textile Standard, \u00f3 Norma Mundial de Textiles Org\u00e1nicos) que garantiza que los tejidos est\u00e1n hechos de fibras org\u00e1nicas. De acabaco cosido, con asas largas reforzadas de 70 cm y disponible en variada gama de colores.<\/p>\n<p><strong>Medidas: 38 x 42 cm<\/strong><\/p>\n<p>Si buscas una bolsa de algod\u00f3n ecol\u00f3gica, este modelo es perfecto para personalizar con el logo de tu compa\u00f1\u00eda y salir a la calle con tu marca favorita al hombro.<\/p>\n","protected":false},"featured_media":57985,"template":"","meta":{"_acf_changed":false},"product_brand":[],"product_cat":[219,196,21],"product_tag":[],"class_list":{"0":"post-14152","1":"product","2":"type-product","3":"status-publish","4":"has-post-thumbnail","6":"product_cat-bolsas-de-tela","7":"product_cat-bolsas-personalizadas","8":"product_cat-bolsas-y-mochilas","10":"first","11":"instock","12":"taxable","13":"shipping-taxable","14":"purchasable","15":"product-type-variable"},"acf":[],"_links":{"self":[{"href":"https:\/\/rubi5.com\/staging\/wp-json\/wp\/v2\/product\/14152","targetHints":{"allow":["GET"]}}],"collection":[{"href":"https:\/\/rubi5.com\/staging\/wp-json\/wp\/v2\/product"}],"about":[{"href":"https:\/\/rubi5.com\/staging\/wp-json\/wp\/v2\/types\/product"}],"version-history":[{"count":5,"href":"https:\/\/rubi5.com\/staging\/wp-json\/wp\/v2\/product\/14152\/revisions"}],"predecessor-version":[{"id":60400,"href":"https:\/\/rubi5.com\/staging\/wp-json\/wp\/v2\/product\/14152\/revisions\/60400"}],"wp:featuredmedia":[{"embeddable":true,"href":"https:\/\/rubi5.com\/staging\/wp-json\/wp\/v2\/media\/57985"}],"wp:attachment":[{"href":"https:\/\/rubi5.com\/staging\/wp-json\/wp\/v2\/media?parent=14152"}],"wp:term":[{"taxonomy":"product_brand","embeddable":true,"href":"https:\/\/rubi5.com\/staging\/wp-json\/wp\/v2\/product_brand?post=14152"},{"taxonomy":"product_cat","embeddable":true,"href":"https:\/\/rubi5.com\/staging\/wp-json\/wp\/v2\/product_cat?post=14152"},{"taxonomy":"product_tag","embeddable":true,"href":"https:\/\/rubi5.com\/staging\/wp-json\/wp\/v2\/product_tag?post=14152"}],"curies":[{"name":"wp","href":"https:\/\/api.w.org\/{rel}","templated":true}]}}