{"id":14177,"date":"2022-12-07T10:48:59","date_gmt":"2022-12-07T08:48:59","guid":{"rendered":"https:\/\/rubi5.com\/?post_type=product&#038;p=14177"},"modified":"2026-01-22T04:35:15","modified_gmt":"2026-01-22T02:35:15","slug":"bolsa-fuzox","status":"publish","type":"product","link":"https:\/\/rubi5.com\/staging\/bolsa-fuzox\/","title":{"rendered":"Bolsa algod\u00f3n asas de color Fuzox"},"content":{"rendered":"","protected":false},"excerpt":{"rendered":"<p>Bolsa personalizada fabricada en algod\u00f3n 100% que combina el cuerpo en color natural y asas en diferentes colores.<\/p>\n<p>Con asas largas de 70cm y acabado cosido capaces de ofrecer una resistencia de hasta 7kg de peso.<\/p>\n<p><strong>Medidas: 37 x 41 cm<\/strong><\/p>\n<p>Esta bolsa publicitaria es uno de los regalos publicitarios m\u00e1s vers\u00e1til que encontrar\u00e1s.<\/p>\n<p>Ideal para regalar a tus clientes en cualquier evento o fecha se\u00f1alada.<\/p>\n<p><strong>\u00a1Personaliza bolsas promocionales para aumentar el reconocimiento de marca y fidelizar clientes!<\/strong><\/p>\n","protected":false},"featured_media":59556,"template":"","meta":{"_acf_changed":false},"product_brand":[],"product_cat":[219,196,21],"product_tag":[],"class_list":{"0":"post-14177","1":"product","2":"type-product","3":"status-publish","4":"has-post-thumbnail","6":"product_cat-bolsas-de-tela","7":"product_cat-bolsas-personalizadas","8":"product_cat-bolsas-y-mochilas","10":"first","11":"instock","12":"taxable","13":"shipping-taxable","14":"purchasable","15":"product-type-variable"},"acf":[],"_links":{"self":[{"href":"https:\/\/rubi5.com\/staging\/wp-json\/wp\/v2\/product\/14177","targetHints":{"allow":["GET"]}}],"collection":[{"href":"https:\/\/rubi5.com\/staging\/wp-json\/wp\/v2\/product"}],"about":[{"href":"https:\/\/rubi5.com\/staging\/wp-json\/wp\/v2\/types\/product"}],"version-history":[{"count":7,"href":"https:\/\/rubi5.com\/staging\/wp-json\/wp\/v2\/product\/14177\/revisions"}],"predecessor-version":[{"id":60399,"href":"https:\/\/rubi5.com\/staging\/wp-json\/wp\/v2\/product\/14177\/revisions\/60399"}],"wp:featuredmedia":[{"embeddable":true,"href":"https:\/\/rubi5.com\/staging\/wp-json\/wp\/v2\/media\/59556"}],"wp:attachment":[{"href":"https:\/\/rubi5.com\/staging\/wp-json\/wp\/v2\/media?parent=14177"}],"wp:term":[{"taxonomy":"product_brand","embeddable":true,"href":"https:\/\/rubi5.com\/staging\/wp-json\/wp\/v2\/product_brand?post=14177"},{"taxonomy":"product_cat","embeddable":true,"href":"https:\/\/rubi5.com\/staging\/wp-json\/wp\/v2\/product_cat?post=14177"},{"taxonomy":"product_tag","embeddable":true,"href":"https:\/\/rubi5.com\/staging\/wp-json\/wp\/v2\/product_tag?post=14177"}],"curies":[{"name":"wp","href":"https:\/\/api.w.org\/{rel}","templated":true}]}}