{"id":14226,"date":"2022-12-07T10:49:49","date_gmt":"2022-12-07T08:49:49","guid":{"rendered":"https:\/\/rubi5.com\/?post_type=product&#038;p=14226"},"modified":"2026-01-22T11:14:33","modified_gmt":"2026-01-22T09:14:33","slug":"bolsa-turkal","status":"publish","type":"product","link":"https:\/\/rubi5.com\/staging\/bolsa-turkal\/","title":{"rendered":"Bolsa algod\u00f3n colores Turkal 140g\/m2"},"content":{"rendered":"","protected":false},"excerpt":{"rendered":"<p>Bolsa de algod\u00f3n de 140g\/m2. Con asas largas reforzadas de 70cm. Resistencia hasta 10kg de peso.<\/p>\n<p><strong>Medidas: 36 x 40 cm\u00a0<\/strong><\/p>\n<p>Esta bolsa de tela personalizada tiene multitud de colores para elegir el que mejor destaque en tu evento, con los colores de tu marca. Tendr\u00e1s mucho donde elegir, y si lo prefieres, podr\u00e1s hacer bolsas de diferentes colores, para tener un regalo m\u00e1s original. Regala a los asistentes al evento una bolsa con tu logo y mete dentro alg\u00fan regalo personalizado m\u00e1s, para dar un regalo completo.<\/p>\n","protected":false},"featured_media":57982,"template":"","meta":{"_acf_changed":false},"product_brand":[],"product_cat":[219,196,21],"product_tag":[],"class_list":{"0":"post-14226","1":"product","2":"type-product","3":"status-publish","4":"has-post-thumbnail","6":"product_cat-bolsas-de-tela","7":"product_cat-bolsas-personalizadas","8":"product_cat-bolsas-y-mochilas","10":"first","11":"instock","12":"taxable","13":"shipping-taxable","14":"purchasable","15":"product-type-variable"},"acf":[],"_links":{"self":[{"href":"https:\/\/rubi5.com\/staging\/wp-json\/wp\/v2\/product\/14226","targetHints":{"allow":["GET"]}}],"collection":[{"href":"https:\/\/rubi5.com\/staging\/wp-json\/wp\/v2\/product"}],"about":[{"href":"https:\/\/rubi5.com\/staging\/wp-json\/wp\/v2\/types\/product"}],"version-history":[{"count":5,"href":"https:\/\/rubi5.com\/staging\/wp-json\/wp\/v2\/product\/14226\/revisions"}],"predecessor-version":[{"id":70199,"href":"https:\/\/rubi5.com\/staging\/wp-json\/wp\/v2\/product\/14226\/revisions\/70199"}],"wp:featuredmedia":[{"embeddable":true,"href":"https:\/\/rubi5.com\/staging\/wp-json\/wp\/v2\/media\/57982"}],"wp:attachment":[{"href":"https:\/\/rubi5.com\/staging\/wp-json\/wp\/v2\/media?parent=14226"}],"wp:term":[{"taxonomy":"product_brand","embeddable":true,"href":"https:\/\/rubi5.com\/staging\/wp-json\/wp\/v2\/product_brand?post=14226"},{"taxonomy":"product_cat","embeddable":true,"href":"https:\/\/rubi5.com\/staging\/wp-json\/wp\/v2\/product_cat?post=14226"},{"taxonomy":"product_tag","embeddable":true,"href":"https:\/\/rubi5.com\/staging\/wp-json\/wp\/v2\/product_tag?post=14226"}],"curies":[{"name":"wp","href":"https:\/\/api.w.org\/{rel}","templated":true}]}}