{"id":14256,"date":"2022-12-07T10:50:11","date_gmt":"2022-12-07T08:50:11","guid":{"rendered":"https:\/\/rubi5.com\/?post_type=product&#038;p=14256"},"modified":"2026-01-22T11:14:33","modified_gmt":"2026-01-22T09:14:33","slug":"bolsa-missam","status":"publish","type":"product","link":"https:\/\/rubi5.com\/staging\/bolsa-missam\/","title":{"rendered":"Bolsa algod\u00f3n org\u00e1nico Missam 120 g\/m2"},"content":{"rendered":"","protected":false},"excerpt":{"rendered":"<p>Bolsa de algod\u00f3n org\u00e1nico natural de 120 g\/m2. Asas largas de 70cm con refuerzo y de acabado cosido. Pensado para hasta 8kg de peso.<\/p>\n<p>Con distintivo ecol\u00f3gico que har\u00e1 que tus clientes sepan que tu empresa est\u00e1 comprometida con el medio ambiente, solo con ver vuestro regalo publicitario.<\/p>\n<p><strong>Medidas: 38 x 42 cm\u00a0<\/strong><\/p>\n<p>La bolsa personalizada es uno de los mayores reclamos publicitarios junto a las mochilas publicitarias. Si quieres hacer un regalo pr\u00e1ctico que tus clientes puedan usar a diario, una bolsa de la compra es la mejor opci\u00f3n. Podr\u00e1n llevarla siempre guardada en el bolso por si les surge una compra, y as\u00ed ahorrarse lo que cuesta pedir una bolsa en un establecimiento, mientras cuidan el medio ambiente.<\/p>\n","protected":false},"featured_media":57981,"template":"","meta":{"_acf_changed":false},"product_brand":[],"product_cat":[219,196,21],"product_tag":[],"class_list":{"0":"post-14256","1":"product","2":"type-product","3":"status-publish","4":"has-post-thumbnail","6":"product_cat-bolsas-de-tela","7":"product_cat-bolsas-personalizadas","8":"product_cat-bolsas-y-mochilas","10":"first","11":"instock","12":"taxable","13":"shipping-taxable","14":"purchasable","15":"product-type-variable"},"acf":[],"_links":{"self":[{"href":"https:\/\/rubi5.com\/staging\/wp-json\/wp\/v2\/product\/14256","targetHints":{"allow":["GET"]}}],"collection":[{"href":"https:\/\/rubi5.com\/staging\/wp-json\/wp\/v2\/product"}],"about":[{"href":"https:\/\/rubi5.com\/staging\/wp-json\/wp\/v2\/types\/product"}],"version-history":[{"count":5,"href":"https:\/\/rubi5.com\/staging\/wp-json\/wp\/v2\/product\/14256\/revisions"}],"predecessor-version":[{"id":60369,"href":"https:\/\/rubi5.com\/staging\/wp-json\/wp\/v2\/product\/14256\/revisions\/60369"}],"wp:featuredmedia":[{"embeddable":true,"href":"https:\/\/rubi5.com\/staging\/wp-json\/wp\/v2\/media\/57981"}],"wp:attachment":[{"href":"https:\/\/rubi5.com\/staging\/wp-json\/wp\/v2\/media?parent=14256"}],"wp:term":[{"taxonomy":"product_brand","embeddable":true,"href":"https:\/\/rubi5.com\/staging\/wp-json\/wp\/v2\/product_brand?post=14256"},{"taxonomy":"product_cat","embeddable":true,"href":"https:\/\/rubi5.com\/staging\/wp-json\/wp\/v2\/product_cat?post=14256"},{"taxonomy":"product_tag","embeddable":true,"href":"https:\/\/rubi5.com\/staging\/wp-json\/wp\/v2\/product_tag?post=14256"}],"curies":[{"name":"wp","href":"https:\/\/api.w.org\/{rel}","templated":true}]}}