{"id":14279,"date":"2022-12-07T10:50:32","date_gmt":"2022-12-07T08:50:32","guid":{"rendered":"https:\/\/rubi5.com\/?post_type=product&#038;p=14279"},"modified":"2026-01-22T11:14:33","modified_gmt":"2026-01-22T09:14:33","slug":"bolsa-mochila-fenin","status":"publish","type":"product","link":"https:\/\/rubi5.com\/staging\/bolsa-mochila-fenin\/","title":{"rendered":"Bolsa mochila algod\u00f3n Fenin"},"content":{"rendered":"","protected":false},"excerpt":{"rendered":"<p>Bolsa mochila de cuerdas de l\u00ednea nature, en resistente algod\u00f3n reciclado de 140g\/m2, con asas de transporte de 70 cm a juego. Cuerdas en algod\u00f3n de color crudo, con argollas met\u00e1licas reforzadas y distintivo algod\u00f3n reciclado en etiqueta. Disponible en variada gama de colores. Resistencia hasta 9kg de peso.<\/p>\n<p><strong>Medidas mochila: 38 x 42 cm<\/strong><\/p>\n","protected":false},"featured_media":62837,"template":"","meta":{"_acf_changed":false},"product_brand":[],"product_cat":[21,221,220],"product_tag":[],"class_list":{"0":"post-14279","1":"product","2":"type-product","3":"status-publish","4":"has-post-thumbnail","6":"product_cat-bolsas-y-mochilas","7":"product_cat-mochilas-de-cuerdas","8":"product_cat-mochilas-personalizadas","10":"first","11":"instock","12":"taxable","13":"shipping-taxable","14":"purchasable","15":"product-type-variable"},"acf":[],"_links":{"self":[{"href":"https:\/\/rubi5.com\/staging\/wp-json\/wp\/v2\/product\/14279","targetHints":{"allow":["GET"]}}],"collection":[{"href":"https:\/\/rubi5.com\/staging\/wp-json\/wp\/v2\/product"}],"about":[{"href":"https:\/\/rubi5.com\/staging\/wp-json\/wp\/v2\/types\/product"}],"version-history":[{"count":4,"href":"https:\/\/rubi5.com\/staging\/wp-json\/wp\/v2\/product\/14279\/revisions"}],"predecessor-version":[{"id":60597,"href":"https:\/\/rubi5.com\/staging\/wp-json\/wp\/v2\/product\/14279\/revisions\/60597"}],"wp:featuredmedia":[{"embeddable":true,"href":"https:\/\/rubi5.com\/staging\/wp-json\/wp\/v2\/media\/62837"}],"wp:attachment":[{"href":"https:\/\/rubi5.com\/staging\/wp-json\/wp\/v2\/media?parent=14279"}],"wp:term":[{"taxonomy":"product_brand","embeddable":true,"href":"https:\/\/rubi5.com\/staging\/wp-json\/wp\/v2\/product_brand?post=14279"},{"taxonomy":"product_cat","embeddable":true,"href":"https:\/\/rubi5.com\/staging\/wp-json\/wp\/v2\/product_cat?post=14279"},{"taxonomy":"product_tag","embeddable":true,"href":"https:\/\/rubi5.com\/staging\/wp-json\/wp\/v2\/product_tag?post=14279"}],"curies":[{"name":"wp","href":"https:\/\/api.w.org\/{rel}","templated":true}]}}