{"id":14302,"date":"2022-12-07T10:50:54","date_gmt":"2022-12-07T08:50:54","guid":{"rendered":"https:\/\/rubi5.com\/?post_type=product&#038;p=14302"},"modified":"2026-01-22T11:14:33","modified_gmt":"2026-01-22T09:14:33","slug":"bolsa-helfy","status":"publish","type":"product","link":"https:\/\/rubi5.com\/staging\/bolsa-helfy\/","title":{"rendered":"Bolsa algod\u00f3n con fuelle Helfy"},"content":{"rendered":"","protected":false},"excerpt":{"rendered":"<p>Una tote bag de l\u00ednea nature en algod\u00f3n de 140g\/m2. Asas medianas en algod\u00f3n, de 70 cm y reforzadas. Acabado cosido y resistencia hasta 8kg de peso.<\/p>\n<p><strong>Medidas: 45 x 38 x 11 cm\u00a0<\/strong><\/p>\n<p>Esta bolsa personalizada tiene un amplio fondo, adem\u00e1s de una forma m\u00e1s ancha para guardar m\u00e1s compra que en una bolsa de tela normal. Tus clientes cambiar\u00e1n las bolsas de la compra que usaban antes por esta bolsa mucho m\u00e1s grande y c\u00f3moda de llevar. Podr\u00e1s llevarla al hombro o de la mano. T\u00fa eliges.<\/p>\n","protected":false},"featured_media":62843,"template":"","meta":{"_acf_changed":false},"product_brand":[],"product_cat":[219,196,21],"product_tag":[],"class_list":{"0":"post-14302","1":"product","2":"type-product","3":"status-publish","4":"has-post-thumbnail","6":"product_cat-bolsas-de-tela","7":"product_cat-bolsas-personalizadas","8":"product_cat-bolsas-y-mochilas","10":"first","11":"instock","12":"taxable","13":"shipping-taxable","14":"purchasable","15":"product-type-variable"},"acf":[],"_links":{"self":[{"href":"https:\/\/rubi5.com\/staging\/wp-json\/wp\/v2\/product\/14302","targetHints":{"allow":["GET"]}}],"collection":[{"href":"https:\/\/rubi5.com\/staging\/wp-json\/wp\/v2\/product"}],"about":[{"href":"https:\/\/rubi5.com\/staging\/wp-json\/wp\/v2\/types\/product"}],"version-history":[{"count":5,"href":"https:\/\/rubi5.com\/staging\/wp-json\/wp\/v2\/product\/14302\/revisions"}],"predecessor-version":[{"id":60366,"href":"https:\/\/rubi5.com\/staging\/wp-json\/wp\/v2\/product\/14302\/revisions\/60366"}],"wp:featuredmedia":[{"embeddable":true,"href":"https:\/\/rubi5.com\/staging\/wp-json\/wp\/v2\/media\/62843"}],"wp:attachment":[{"href":"https:\/\/rubi5.com\/staging\/wp-json\/wp\/v2\/media?parent=14302"}],"wp:term":[{"taxonomy":"product_brand","embeddable":true,"href":"https:\/\/rubi5.com\/staging\/wp-json\/wp\/v2\/product_brand?post=14302"},{"taxonomy":"product_cat","embeddable":true,"href":"https:\/\/rubi5.com\/staging\/wp-json\/wp\/v2\/product_cat?post=14302"},{"taxonomy":"product_tag","embeddable":true,"href":"https:\/\/rubi5.com\/staging\/wp-json\/wp\/v2\/product_tag?post=14302"}],"curies":[{"name":"wp","href":"https:\/\/api.w.org\/{rel}","templated":true}]}}