{"id":14340,"date":"2022-12-07T11:01:20","date_gmt":"2022-12-07T09:01:20","guid":{"rendered":"https:\/\/rubi5.com\/?post_type=product&#038;p=14340"},"modified":"2026-01-22T11:14:33","modified_gmt":"2026-01-22T09:14:33","slug":"bolsa-plegable-helakel","status":"publish","type":"product","link":"https:\/\/rubi5.com\/staging\/bolsa-plegable-helakel\/","title":{"rendered":"Bolsa plegable algod\u00f3n Helakel"},"content":{"rendered":"","protected":false},"excerpt":{"rendered":"<p>Bolsa plegable ecol\u00f3gica en resistente algod\u00f3n de 105g\/m2 en color blanco natural. Con c\u00f3modas asas largas de 2,5x70cm y cord\u00f3n a juego. Con accesorio de ajuste para f\u00e1cil plegado.<\/p>\n<p><strong>Medidas: 37 x 41 cm\u00a0<\/strong><\/p>\n<p>Una bolsa de la compra plegable es una apuesta segura para la publicidad de supermercados, grandes superficies o para una peque\u00f1a tienda de alimentaci\u00f3n de barrio.<\/p>\n","protected":false},"featured_media":14346,"template":"","meta":{"_acf_changed":false},"product_brand":[],"product_cat":[196,217,21],"product_tag":[],"class_list":{"0":"post-14340","1":"product","2":"type-product","3":"status-publish","4":"has-post-thumbnail","6":"product_cat-bolsas-personalizadas","7":"product_cat-bolsas-plegables","8":"product_cat-bolsas-y-mochilas","10":"first","11":"instock","12":"taxable","13":"shipping-taxable","14":"purchasable","15":"product-type-variable"},"acf":[],"_links":{"self":[{"href":"https:\/\/rubi5.com\/staging\/wp-json\/wp\/v2\/product\/14340","targetHints":{"allow":["GET"]}}],"collection":[{"href":"https:\/\/rubi5.com\/staging\/wp-json\/wp\/v2\/product"}],"about":[{"href":"https:\/\/rubi5.com\/staging\/wp-json\/wp\/v2\/types\/product"}],"version-history":[{"count":5,"href":"https:\/\/rubi5.com\/staging\/wp-json\/wp\/v2\/product\/14340\/revisions"}],"predecessor-version":[{"id":60363,"href":"https:\/\/rubi5.com\/staging\/wp-json\/wp\/v2\/product\/14340\/revisions\/60363"}],"wp:featuredmedia":[{"embeddable":true,"href":"https:\/\/rubi5.com\/staging\/wp-json\/wp\/v2\/media\/14346"}],"wp:attachment":[{"href":"https:\/\/rubi5.com\/staging\/wp-json\/wp\/v2\/media?parent=14340"}],"wp:term":[{"taxonomy":"product_brand","embeddable":true,"href":"https:\/\/rubi5.com\/staging\/wp-json\/wp\/v2\/product_brand?post=14340"},{"taxonomy":"product_cat","embeddable":true,"href":"https:\/\/rubi5.com\/staging\/wp-json\/wp\/v2\/product_cat?post=14340"},{"taxonomy":"product_tag","embeddable":true,"href":"https:\/\/rubi5.com\/staging\/wp-json\/wp\/v2\/product_tag?post=14340"}],"curies":[{"name":"wp","href":"https:\/\/api.w.org\/{rel}","templated":true}]}}