{"id":14344,"date":"2022-12-07T11:01:20","date_gmt":"2022-12-07T09:01:20","guid":{"rendered":"https:\/\/rubi5.com\/?post_type=product&#038;p=14344"},"modified":"2026-01-22T11:14:33","modified_gmt":"2026-01-22T09:14:33","slug":"bolsa-plegable-charel","status":"publish","type":"product","link":"https:\/\/rubi5.com\/staging\/bolsa-plegable-charel\/","title":{"rendered":"Bolsa plegable ecol\u00f3gica Charel"},"content":{"rendered":"","protected":false},"excerpt":{"rendered":"<p>Bolsa plegable ecol\u00f3gica con material 100% de algod\u00f3n de 110 g\/m2 y base en corcho natural.<\/p>\n<p>Asas de 57 cm con refuerzo, de acabado cosido y resistencia hasta 8 kg de peso. Plegado de peque\u00f1o tama\u00f1o mediante cremallera para un f\u00e1cil transporte.<\/p>\n<p><strong>Medidas: 34.5 x 39 x 10 cm\u00a0<\/strong><\/p>\n<p>Para plegar la bolsa y guardarla, podr\u00e1s doblarla y cerrarla en un peque\u00f1o estuche, como si fuese un monedero con cierre en cremallera, con un lado en corcho, y con un peque\u00f1o bolsillito que tambi\u00e9n dispondr\u00e1 de cremallera para guardar algo peque\u00f1ito como la llave de la taquilla o la moneda para el carrito del super.<\/p>\n<p>Esta bolsa publicitaria tiene un fondo amplio, con una capacidad superior a otras bolsas plegables del mercado. Perfecta para aquellos que acaben comprando m\u00e1s de lo que iban buscando en un principio. \u00a1Ya no tendr\u00e1s que pedir bolsa de pl\u00e1stico para llevar tu compra a casa!<\/p>\n","protected":false},"featured_media":62841,"template":"","meta":{"_acf_changed":false},"product_brand":[],"product_cat":[196,217,21],"product_tag":[],"class_list":{"0":"post-14344","1":"product","2":"type-product","3":"status-publish","4":"has-post-thumbnail","6":"product_cat-bolsas-personalizadas","7":"product_cat-bolsas-plegables","8":"product_cat-bolsas-y-mochilas","10":"first","11":"instock","12":"taxable","13":"shipping-taxable","14":"purchasable","15":"product-type-variable"},"acf":[],"_links":{"self":[{"href":"https:\/\/rubi5.com\/staging\/wp-json\/wp\/v2\/product\/14344","targetHints":{"allow":["GET"]}}],"collection":[{"href":"https:\/\/rubi5.com\/staging\/wp-json\/wp\/v2\/product"}],"about":[{"href":"https:\/\/rubi5.com\/staging\/wp-json\/wp\/v2\/types\/product"}],"version-history":[{"count":5,"href":"https:\/\/rubi5.com\/staging\/wp-json\/wp\/v2\/product\/14344\/revisions"}],"predecessor-version":[{"id":60365,"href":"https:\/\/rubi5.com\/staging\/wp-json\/wp\/v2\/product\/14344\/revisions\/60365"}],"wp:featuredmedia":[{"embeddable":true,"href":"https:\/\/rubi5.com\/staging\/wp-json\/wp\/v2\/media\/62841"}],"wp:attachment":[{"href":"https:\/\/rubi5.com\/staging\/wp-json\/wp\/v2\/media?parent=14344"}],"wp:term":[{"taxonomy":"product_brand","embeddable":true,"href":"https:\/\/rubi5.com\/staging\/wp-json\/wp\/v2\/product_brand?post=14344"},{"taxonomy":"product_cat","embeddable":true,"href":"https:\/\/rubi5.com\/staging\/wp-json\/wp\/v2\/product_cat?post=14344"},{"taxonomy":"product_tag","embeddable":true,"href":"https:\/\/rubi5.com\/staging\/wp-json\/wp\/v2\/product_tag?post=14344"}],"curies":[{"name":"wp","href":"https:\/\/api.w.org\/{rel}","templated":true}]}}