{"id":14396,"date":"2022-12-07T11:14:39","date_gmt":"2022-12-07T09:14:39","guid":{"rendered":"https:\/\/rubi5.com\/?post_type=product&#038;p=14396"},"modified":"2026-01-22T11:14:32","modified_gmt":"2026-01-22T09:14:32","slug":"bolsa-brios","status":"publish","type":"product","link":"https:\/\/rubi5.com\/staging\/bolsa-brios\/","title":{"rendered":"Bolsa yute con asas de algod\u00f3n Brios"},"content":{"rendered":"","protected":false},"excerpt":{"rendered":"<p>Bolsa publicitaria en resistente yute 240g\/m2 de diferentes colores. Con las asas de algod\u00f3n en color natural y de tama\u00f1o mediano, no como las otras bolsas de tela que suelen tener las asas m\u00e1s largas.\u00a0 De acabado cosido, con asas medianas reforzadas, que aguantan unos 6kg de peso.<\/p>\n<p><strong>Medidas: 38 x 42 cm\u00a0<\/strong><\/p>\n<p>Podr\u00e1s llevarlo a la compra, o usar como una bolsa para guardar las cosas de la piscina. Es un indispensable que puedes usarlo para todo, para qu\u00e9 elegir.<\/p>\n","protected":false},"featured_media":58001,"template":"","meta":{"_acf_changed":false},"product_brand":[],"product_cat":[971,196,21],"product_tag":[],"class_list":{"0":"post-14396","1":"product","2":"type-product","3":"status-publish","4":"has-post-thumbnail","6":"product_cat-bolsas-de-yute","7":"product_cat-bolsas-personalizadas","8":"product_cat-bolsas-y-mochilas","10":"first","11":"instock","12":"taxable","13":"shipping-taxable","14":"purchasable","15":"product-type-variable"},"acf":[],"_links":{"self":[{"href":"https:\/\/rubi5.com\/staging\/wp-json\/wp\/v2\/product\/14396","targetHints":{"allow":["GET"]}}],"collection":[{"href":"https:\/\/rubi5.com\/staging\/wp-json\/wp\/v2\/product"}],"about":[{"href":"https:\/\/rubi5.com\/staging\/wp-json\/wp\/v2\/types\/product"}],"version-history":[{"count":5,"href":"https:\/\/rubi5.com\/staging\/wp-json\/wp\/v2\/product\/14396\/revisions"}],"predecessor-version":[{"id":60356,"href":"https:\/\/rubi5.com\/staging\/wp-json\/wp\/v2\/product\/14396\/revisions\/60356"}],"wp:featuredmedia":[{"embeddable":true,"href":"https:\/\/rubi5.com\/staging\/wp-json\/wp\/v2\/media\/58001"}],"wp:attachment":[{"href":"https:\/\/rubi5.com\/staging\/wp-json\/wp\/v2\/media?parent=14396"}],"wp:term":[{"taxonomy":"product_brand","embeddable":true,"href":"https:\/\/rubi5.com\/staging\/wp-json\/wp\/v2\/product_brand?post=14396"},{"taxonomy":"product_cat","embeddable":true,"href":"https:\/\/rubi5.com\/staging\/wp-json\/wp\/v2\/product_cat?post=14396"},{"taxonomy":"product_tag","embeddable":true,"href":"https:\/\/rubi5.com\/staging\/wp-json\/wp\/v2\/product_tag?post=14396"}],"curies":[{"name":"wp","href":"https:\/\/api.w.org\/{rel}","templated":true}]}}