{"id":14466,"date":"2022-12-07T13:05:17","date_gmt":"2022-12-07T11:05:17","guid":{"rendered":"https:\/\/rubi5.com\/?post_type=product&#038;p=14466"},"modified":"2026-01-22T11:14:32","modified_gmt":"2026-01-22T09:14:32","slug":"mochila-spook","status":"publish","type":"product","link":"https:\/\/rubi5.com\/staging\/mochila-spook\/","title":{"rendered":"Mochila de cuerdas poli\u00e9ster Spook"},"content":{"rendered":"","protected":false},"excerpt":{"rendered":"<p>Mochila de cuerdas de suave poli\u00e9ster 210T en extensa gama de colores. Con cuerdas y autocierre en color negro, esquinas reforzadas en polipiel y resistentes argollas met\u00e1licas.<\/p>\n<p><strong>Medidas mochila: 34 x 42 cm<\/strong><\/p>\n<p>\u00bfQui\u00e9n no tiene una mochila de cuerdas publicitaria en casa? O quiz\u00e1s sea la mochila de vuestra pe\u00f1a, que sacas del armario todos los a\u00f1os en las fiestas de tu pueblo y alrededores. Sea como sea, una mochila saco como esta es la mejor opci\u00f3n para regalar un art\u00edculo pr\u00e1ctico y que guste a todo tipo de p\u00fablicos, sobre todo a los m\u00e1s j\u00f3venes.<\/p>\n<p>\u00bfQuieres personalizar una mochila con tu logo a todo color? Pincha <a href=\"https:\/\/rubi5.com\/staging\/mochila-spook-sublimacion\/\">aqu\u00ed<\/a><\/p>\n","protected":false},"featured_media":58522,"template":"","meta":{"_acf_changed":false},"product_brand":[],"product_cat":[221,21,904,220],"product_tag":[],"class_list":{"0":"post-14466","1":"product","2":"type-product","3":"status-publish","4":"has-post-thumbnail","6":"product_cat-mochilas-de-cuerdas","7":"product_cat-bolsas-y-mochilas","8":"product_cat-detalles-personalizados","9":"product_cat-mochilas-personalizadas","11":"first","12":"instock","13":"taxable","14":"shipping-taxable","15":"purchasable","16":"product-type-variable"},"acf":[],"_links":{"self":[{"href":"https:\/\/rubi5.com\/staging\/wp-json\/wp\/v2\/product\/14466","targetHints":{"allow":["GET"]}}],"collection":[{"href":"https:\/\/rubi5.com\/staging\/wp-json\/wp\/v2\/product"}],"about":[{"href":"https:\/\/rubi5.com\/staging\/wp-json\/wp\/v2\/types\/product"}],"version-history":[{"count":6,"href":"https:\/\/rubi5.com\/staging\/wp-json\/wp\/v2\/product\/14466\/revisions"}],"predecessor-version":[{"id":60596,"href":"https:\/\/rubi5.com\/staging\/wp-json\/wp\/v2\/product\/14466\/revisions\/60596"}],"wp:featuredmedia":[{"embeddable":true,"href":"https:\/\/rubi5.com\/staging\/wp-json\/wp\/v2\/media\/58522"}],"wp:attachment":[{"href":"https:\/\/rubi5.com\/staging\/wp-json\/wp\/v2\/media?parent=14466"}],"wp:term":[{"taxonomy":"product_brand","embeddable":true,"href":"https:\/\/rubi5.com\/staging\/wp-json\/wp\/v2\/product_brand?post=14466"},{"taxonomy":"product_cat","embeddable":true,"href":"https:\/\/rubi5.com\/staging\/wp-json\/wp\/v2\/product_cat?post=14466"},{"taxonomy":"product_tag","embeddable":true,"href":"https:\/\/rubi5.com\/staging\/wp-json\/wp\/v2\/product_tag?post=14466"}],"curies":[{"name":"wp","href":"https:\/\/api.w.org\/{rel}","templated":true}]}}