{"id":14567,"date":"2022-12-07T13:06:30","date_gmt":"2022-12-07T11:06:30","guid":{"rendered":"https:\/\/rubi5.com\/?post_type=product&#038;p=14567"},"modified":"2026-01-22T11:14:32","modified_gmt":"2026-01-22T09:14:32","slug":"mochila-tianax","status":"publish","type":"product","link":"https:\/\/rubi5.com\/staging\/mochila-tianax\/","title":{"rendered":"Mochila saco algod\u00f3n Tianax"},"content":{"rendered":"","protected":false},"excerpt":{"rendered":"<p>Mochila de cuerdas en l\u00ednea nature fabricada en algod\u00f3n 100% de 120g\/m2. Cuerpo en color crudo natural y cordones trenzados en variada gama de colores. Esquinas reforzadas.<\/p>\n<p><strong>Medidas mochila: 37 x 41 cm<\/strong><\/p>\n","protected":false},"featured_media":14617,"template":"","meta":{"_acf_changed":false},"product_brand":[],"product_cat":[221,21,220],"product_tag":[],"class_list":{"0":"post-14567","1":"product","2":"type-product","3":"status-publish","4":"has-post-thumbnail","6":"product_cat-mochilas-de-cuerdas","7":"product_cat-bolsas-y-mochilas","8":"product_cat-mochilas-personalizadas","10":"first","11":"instock","12":"taxable","13":"shipping-taxable","14":"purchasable","15":"product-type-variable"},"acf":[],"_links":{"self":[{"href":"https:\/\/rubi5.com\/staging\/wp-json\/wp\/v2\/product\/14567","targetHints":{"allow":["GET"]}}],"collection":[{"href":"https:\/\/rubi5.com\/staging\/wp-json\/wp\/v2\/product"}],"about":[{"href":"https:\/\/rubi5.com\/staging\/wp-json\/wp\/v2\/types\/product"}],"version-history":[{"count":4,"href":"https:\/\/rubi5.com\/staging\/wp-json\/wp\/v2\/product\/14567\/revisions"}],"predecessor-version":[{"id":60590,"href":"https:\/\/rubi5.com\/staging\/wp-json\/wp\/v2\/product\/14567\/revisions\/60590"}],"wp:featuredmedia":[{"embeddable":true,"href":"https:\/\/rubi5.com\/staging\/wp-json\/wp\/v2\/media\/14617"}],"wp:attachment":[{"href":"https:\/\/rubi5.com\/staging\/wp-json\/wp\/v2\/media?parent=14567"}],"wp:term":[{"taxonomy":"product_brand","embeddable":true,"href":"https:\/\/rubi5.com\/staging\/wp-json\/wp\/v2\/product_brand?post=14567"},{"taxonomy":"product_cat","embeddable":true,"href":"https:\/\/rubi5.com\/staging\/wp-json\/wp\/v2\/product_cat?post=14567"},{"taxonomy":"product_tag","embeddable":true,"href":"https:\/\/rubi5.com\/staging\/wp-json\/wp\/v2\/product_tag?post=14567"}],"curies":[{"name":"wp","href":"https:\/\/api.w.org\/{rel}","templated":true}]}}