{"id":14669,"date":"2022-12-07T14:12:56","date_gmt":"2022-12-07T12:12:56","guid":{"rendered":"https:\/\/rubi5.com\/?post_type=product&#038;p=14669"},"modified":"2026-01-22T11:14:32","modified_gmt":"2026-01-22T09:14:32","slug":"mochila-maggie","status":"publish","type":"product","link":"https:\/\/rubi5.com\/staging\/mochila-maggie\/","title":{"rendered":"Mochila Maggie"},"content":{"rendered":"","protected":false},"excerpt":{"rendered":"<p>Mochila para ni\u00f1os en resistente 600D RPET, elaborado a partir de pl\u00e1stico reciclado, para as\u00ed fomentar la reutilizaci\u00f3n de residuos pl\u00e1sticos y ayudar a la sostenibilidad del planeta. Con cierre de cremallera y bolsillo en frontal, tiradores con cinta para f\u00e1cil apertura y bolsillos laterales de redecilla. Espalda y cintas de hombros acolchadas y ajustables. Distintivo RPET en etiqueta y disponible en variada gama de colores.<\/p>\n","protected":false},"featured_media":62037,"template":"","meta":{"_acf_changed":false},"product_brand":[],"product_cat":[21,223,220],"product_tag":[],"class_list":{"0":"post-14669","1":"product","2":"type-product","3":"status-publish","4":"has-post-thumbnail","6":"product_cat-bolsas-y-mochilas","7":"product_cat-mochilas-escolares","8":"product_cat-mochilas-personalizadas","10":"first","11":"instock","12":"taxable","13":"shipping-taxable","14":"purchasable","15":"product-type-variable"},"acf":[],"_links":{"self":[{"href":"https:\/\/rubi5.com\/staging\/wp-json\/wp\/v2\/product\/14669","targetHints":{"allow":["GET"]}}],"collection":[{"href":"https:\/\/rubi5.com\/staging\/wp-json\/wp\/v2\/product"}],"about":[{"href":"https:\/\/rubi5.com\/staging\/wp-json\/wp\/v2\/types\/product"}],"version-history":[{"count":1,"href":"https:\/\/rubi5.com\/staging\/wp-json\/wp\/v2\/product\/14669\/revisions"}],"predecessor-version":[{"id":14731,"href":"https:\/\/rubi5.com\/staging\/wp-json\/wp\/v2\/product\/14669\/revisions\/14731"}],"wp:featuredmedia":[{"embeddable":true,"href":"https:\/\/rubi5.com\/staging\/wp-json\/wp\/v2\/media\/62037"}],"wp:attachment":[{"href":"https:\/\/rubi5.com\/staging\/wp-json\/wp\/v2\/media?parent=14669"}],"wp:term":[{"taxonomy":"product_brand","embeddable":true,"href":"https:\/\/rubi5.com\/staging\/wp-json\/wp\/v2\/product_brand?post=14669"},{"taxonomy":"product_cat","embeddable":true,"href":"https:\/\/rubi5.com\/staging\/wp-json\/wp\/v2\/product_cat?post=14669"},{"taxonomy":"product_tag","embeddable":true,"href":"https:\/\/rubi5.com\/staging\/wp-json\/wp\/v2\/product_tag?post=14669"}],"curies":[{"name":"wp","href":"https:\/\/api.w.org\/{rel}","templated":true}]}}