{"id":14674,"date":"2022-12-07T14:12:56","date_gmt":"2022-12-07T12:12:56","guid":{"rendered":"https:\/\/rubi5.com\/?post_type=product&#038;p=14674"},"modified":"2026-01-22T11:14:32","modified_gmt":"2026-01-22T09:14:32","slug":"mochila-discovery","status":"publish","type":"product","link":"https:\/\/rubi5.com\/staging\/mochila-discovery\/","title":{"rendered":"Mochila Discovery"},"content":{"rendered":"","protected":false},"excerpt":{"rendered":"<p>Mochila en resistente poli\u00e9ster 600D, con cierre de cremallera y bolsillo en frontal. Con esquinas reforzadas, tiradores con cinta para f\u00e1cil apertura y accesorios en color negro. Espalda acolchada y cintas de hombros ajustables con acolchado.<\/p>\n<p>Una mochila escolar personalizada con el escudo de vuestra escuela, es el regalo perfecto para los alumnos que empiezan el nuevo curso. Encarga ya estas mochilas baratas, y ten un detalle con los ni\u00f1os que vayan a empezar el colegio en septiembre. Adem\u00e1s, tendr\u00e1s multitud de colores para elegir.<\/p>\n","protected":false},"featured_media":62053,"template":"","meta":{"_acf_changed":false},"product_brand":[],"product_cat":[21,223,220],"product_tag":[],"class_list":{"0":"post-14674","1":"product","2":"type-product","3":"status-publish","4":"has-post-thumbnail","6":"product_cat-bolsas-y-mochilas","7":"product_cat-mochilas-escolares","8":"product_cat-mochilas-personalizadas","10":"first","11":"instock","12":"taxable","13":"shipping-taxable","14":"purchasable","15":"product-type-variable"},"acf":[],"_links":{"self":[{"href":"https:\/\/rubi5.com\/staging\/wp-json\/wp\/v2\/product\/14674","targetHints":{"allow":["GET"]}}],"collection":[{"href":"https:\/\/rubi5.com\/staging\/wp-json\/wp\/v2\/product"}],"about":[{"href":"https:\/\/rubi5.com\/staging\/wp-json\/wp\/v2\/types\/product"}],"version-history":[{"count":3,"href":"https:\/\/rubi5.com\/staging\/wp-json\/wp\/v2\/product\/14674\/revisions"}],"predecessor-version":[{"id":56375,"href":"https:\/\/rubi5.com\/staging\/wp-json\/wp\/v2\/product\/14674\/revisions\/56375"}],"wp:featuredmedia":[{"embeddable":true,"href":"https:\/\/rubi5.com\/staging\/wp-json\/wp\/v2\/media\/62053"}],"wp:attachment":[{"href":"https:\/\/rubi5.com\/staging\/wp-json\/wp\/v2\/media?parent=14674"}],"wp:term":[{"taxonomy":"product_brand","embeddable":true,"href":"https:\/\/rubi5.com\/staging\/wp-json\/wp\/v2\/product_brand?post=14674"},{"taxonomy":"product_cat","embeddable":true,"href":"https:\/\/rubi5.com\/staging\/wp-json\/wp\/v2\/product_cat?post=14674"},{"taxonomy":"product_tag","embeddable":true,"href":"https:\/\/rubi5.com\/staging\/wp-json\/wp\/v2\/product_tag?post=14674"}],"curies":[{"name":"wp","href":"https:\/\/api.w.org\/{rel}","templated":true}]}}