{"id":14763,"date":"2022-12-07T15:23:29","date_gmt":"2022-12-07T13:23:29","guid":{"rendered":"https:\/\/rubi5.com\/?post_type=product&#038;p=14763"},"modified":"2026-01-22T11:14:32","modified_gmt":"2026-01-22T09:14:32","slug":"mochila-arcano","status":"publish","type":"product","link":"https:\/\/rubi5.com\/staging\/mochila-arcano\/","title":{"rendered":"Mochila Arcano"},"content":{"rendered":"","protected":false},"excerpt":{"rendered":"<p>Mochila de resistente nylon 600D de sobrio dise\u00f1o con cierre de cremallera, bolsillos frontales y asa reforzada doble. Con acolchado ergon\u00f3mico en espalda y cintas de hombros, incluye compartimento interior acolchado para ordenador port\u00e1til de hasta 15 pulgadas.<\/p>\n","protected":false},"featured_media":62051,"template":"","meta":{"_acf_changed":false},"product_brand":[],"product_cat":[224,21,220],"product_tag":[],"class_list":{"0":"post-14763","1":"product","2":"type-product","3":"status-publish","4":"has-post-thumbnail","6":"product_cat-mochilas-para-portatil","7":"product_cat-bolsas-y-mochilas","8":"product_cat-mochilas-personalizadas","10":"first","11":"instock","12":"taxable","13":"shipping-taxable","14":"purchasable","15":"product-type-variable"},"acf":[],"_links":{"self":[{"href":"https:\/\/rubi5.com\/staging\/wp-json\/wp\/v2\/product\/14763","targetHints":{"allow":["GET"]}}],"collection":[{"href":"https:\/\/rubi5.com\/staging\/wp-json\/wp\/v2\/product"}],"about":[{"href":"https:\/\/rubi5.com\/staging\/wp-json\/wp\/v2\/types\/product"}],"version-history":[{"count":1,"href":"https:\/\/rubi5.com\/staging\/wp-json\/wp\/v2\/product\/14763\/revisions"}],"predecessor-version":[{"id":14802,"href":"https:\/\/rubi5.com\/staging\/wp-json\/wp\/v2\/product\/14763\/revisions\/14802"}],"wp:featuredmedia":[{"embeddable":true,"href":"https:\/\/rubi5.com\/staging\/wp-json\/wp\/v2\/media\/62051"}],"wp:attachment":[{"href":"https:\/\/rubi5.com\/staging\/wp-json\/wp\/v2\/media?parent=14763"}],"wp:term":[{"taxonomy":"product_brand","embeddable":true,"href":"https:\/\/rubi5.com\/staging\/wp-json\/wp\/v2\/product_brand?post=14763"},{"taxonomy":"product_cat","embeddable":true,"href":"https:\/\/rubi5.com\/staging\/wp-json\/wp\/v2\/product_cat?post=14763"},{"taxonomy":"product_tag","embeddable":true,"href":"https:\/\/rubi5.com\/staging\/wp-json\/wp\/v2\/product_tag?post=14763"}],"curies":[{"name":"wp","href":"https:\/\/api.w.org\/{rel}","templated":true}]}}