{"id":14777,"date":"2022-12-07T15:23:30","date_gmt":"2022-12-07T13:23:30","guid":{"rendered":"https:\/\/rubi5.com\/?post_type=product&#038;p=14777"},"modified":"2026-01-22T11:14:09","modified_gmt":"2026-01-22T09:14:09","slug":"mochila-nevium","status":"publish","type":"product","link":"https:\/\/rubi5.com\/staging\/mochila-nevium\/","title":{"rendered":"Mochila Nevium"},"content":{"rendered":"","protected":false},"excerpt":{"rendered":"<p>Mochila de resistente nylon 600D de dise\u00f1o rectangular con cierre de cremallera, bolsillo frontal para smartphone y asa reforzada. Con acolchado ergon\u00f3mico en espalda y cintas de hombros, incluye compartimento interior acolchado para ordenador port\u00e1til de hasta 15 pulgadas.<\/p>\n","protected":false},"featured_media":62038,"template":"","meta":{"_acf_changed":false},"product_brand":[],"product_cat":[21,224,220],"product_tag":[],"class_list":{"0":"post-14777","1":"product","2":"type-product","3":"status-publish","4":"has-post-thumbnail","6":"product_cat-bolsas-y-mochilas","7":"product_cat-mochilas-para-portatil","8":"product_cat-mochilas-personalizadas","10":"first","11":"instock","12":"taxable","13":"shipping-taxable","14":"product-type-variable"},"acf":[],"_links":{"self":[{"href":"https:\/\/rubi5.com\/staging\/wp-json\/wp\/v2\/product\/14777","targetHints":{"allow":["GET"]}}],"collection":[{"href":"https:\/\/rubi5.com\/staging\/wp-json\/wp\/v2\/product"}],"about":[{"href":"https:\/\/rubi5.com\/staging\/wp-json\/wp\/v2\/types\/product"}],"version-history":[{"count":1,"href":"https:\/\/rubi5.com\/staging\/wp-json\/wp\/v2\/product\/14777\/revisions"}],"predecessor-version":[{"id":14836,"href":"https:\/\/rubi5.com\/staging\/wp-json\/wp\/v2\/product\/14777\/revisions\/14836"}],"wp:featuredmedia":[{"embeddable":true,"href":"https:\/\/rubi5.com\/staging\/wp-json\/wp\/v2\/media\/62038"}],"wp:attachment":[{"href":"https:\/\/rubi5.com\/staging\/wp-json\/wp\/v2\/media?parent=14777"}],"wp:term":[{"taxonomy":"product_brand","embeddable":true,"href":"https:\/\/rubi5.com\/staging\/wp-json\/wp\/v2\/product_brand?post=14777"},{"taxonomy":"product_cat","embeddable":true,"href":"https:\/\/rubi5.com\/staging\/wp-json\/wp\/v2\/product_cat?post=14777"},{"taxonomy":"product_tag","embeddable":true,"href":"https:\/\/rubi5.com\/staging\/wp-json\/wp\/v2\/product_tag?post=14777"}],"curies":[{"name":"wp","href":"https:\/\/api.w.org\/{rel}","templated":true}]}}