{"id":14780,"date":"2022-12-07T15:23:30","date_gmt":"2022-12-07T13:23:30","guid":{"rendered":"https:\/\/rubi5.com\/?post_type=product&#038;p=14780"},"modified":"2026-01-22T11:14:32","modified_gmt":"2026-01-22T09:14:32","slug":"mochila-konor","status":"publish","type":"product","link":"https:\/\/rubi5.com\/staging\/mochila-konor\/","title":{"rendered":"Mochila Konor"},"content":{"rendered":"","protected":false},"excerpt":{"rendered":"<p>Mochila de negocios en resistente 600D RPET, elaborado a partir de pl\u00e1stico reciclado, para as\u00ed fomentar la reutilizaci\u00f3n de residuos pl\u00e1sticos y ayudar a la sostenibilidad del planeta. Con cierre de cremallera de doble tirador y bolsillo en frontal. Interior con bolsillos acolchados para tablet de hasta 10 pulgadas y ordenador port\u00e1til de hasta 15 pulgadas, con estaci\u00f3n de carga USB (cable incluido, bater\u00eda auxiliar no incluida). Esquinas reforzadas, asa de transporte acolchada y accesorios en color negro. Espalda y cintas de hombros acolchadas y ajustables. Distintivo RPET en etiqueta,<\/p>\n","protected":false},"featured_media":62034,"template":"","meta":{"_acf_changed":false},"product_brand":[],"product_cat":[21,224,220],"product_tag":[],"class_list":{"0":"post-14780","1":"product","2":"type-product","3":"status-publish","4":"has-post-thumbnail","6":"product_cat-bolsas-y-mochilas","7":"product_cat-mochilas-para-portatil","8":"product_cat-mochilas-personalizadas","10":"first","11":"instock","12":"taxable","13":"shipping-taxable","14":"purchasable","15":"product-type-variable"},"acf":[],"_links":{"self":[{"href":"https:\/\/rubi5.com\/staging\/wp-json\/wp\/v2\/product\/14780","targetHints":{"allow":["GET"]}}],"collection":[{"href":"https:\/\/rubi5.com\/staging\/wp-json\/wp\/v2\/product"}],"about":[{"href":"https:\/\/rubi5.com\/staging\/wp-json\/wp\/v2\/types\/product"}],"version-history":[{"count":1,"href":"https:\/\/rubi5.com\/staging\/wp-json\/wp\/v2\/product\/14780\/revisions"}],"predecessor-version":[{"id":14842,"href":"https:\/\/rubi5.com\/staging\/wp-json\/wp\/v2\/product\/14780\/revisions\/14842"}],"wp:featuredmedia":[{"embeddable":true,"href":"https:\/\/rubi5.com\/staging\/wp-json\/wp\/v2\/media\/62034"}],"wp:attachment":[{"href":"https:\/\/rubi5.com\/staging\/wp-json\/wp\/v2\/media?parent=14780"}],"wp:term":[{"taxonomy":"product_brand","embeddable":true,"href":"https:\/\/rubi5.com\/staging\/wp-json\/wp\/v2\/product_brand?post=14780"},{"taxonomy":"product_cat","embeddable":true,"href":"https:\/\/rubi5.com\/staging\/wp-json\/wp\/v2\/product_cat?post=14780"},{"taxonomy":"product_tag","embeddable":true,"href":"https:\/\/rubi5.com\/staging\/wp-json\/wp\/v2\/product_tag?post=14780"}],"curies":[{"name":"wp","href":"https:\/\/api.w.org\/{rel}","templated":true}]}}