{"id":14789,"date":"2022-12-07T15:23:31","date_gmt":"2022-12-07T13:23:31","guid":{"rendered":"https:\/\/rubi5.com\/?post_type=product&#038;p=14789"},"modified":"2026-01-22T11:14:32","modified_gmt":"2026-01-22T09:14:32","slug":"mochila-terrex","status":"publish","type":"product","link":"https:\/\/rubi5.com\/staging\/mochila-terrex\/","title":{"rendered":"Mochila Terrex"},"content":{"rendered":"","protected":false},"excerpt":{"rendered":"<p>Mochila en resistente poli\u00e9ster 600D RPET, elaborado a partir de pl\u00e1stico reciclado para as\u00ed fomentar la reutilizaci\u00f3n de residuos pl\u00e1sticos y contribuir a la sostenibilidad del planeta. En elegante acabado bicolor, incluye etiqueta exterior con distintivo RPET. Bolsillo principal con compartimentos acolchados para ordenador port\u00e1til de hasta 15 pulgadas y tablet de hasta 10 pulgadas. Espalda y cintas acolchadas.<\/p>\n","protected":false},"featured_media":62854,"template":"","meta":{"_acf_changed":false},"product_brand":[],"product_cat":[21,224,220],"product_tag":[],"class_list":{"0":"post-14789","1":"product","2":"type-product","3":"status-publish","4":"has-post-thumbnail","6":"product_cat-bolsas-y-mochilas","7":"product_cat-mochilas-para-portatil","8":"product_cat-mochilas-personalizadas","10":"first","11":"instock","12":"taxable","13":"shipping-taxable","14":"purchasable","15":"product-type-variable"},"acf":[],"_links":{"self":[{"href":"https:\/\/rubi5.com\/staging\/wp-json\/wp\/v2\/product\/14789","targetHints":{"allow":["GET"]}}],"collection":[{"href":"https:\/\/rubi5.com\/staging\/wp-json\/wp\/v2\/product"}],"about":[{"href":"https:\/\/rubi5.com\/staging\/wp-json\/wp\/v2\/types\/product"}],"version-history":[{"count":2,"href":"https:\/\/rubi5.com\/staging\/wp-json\/wp\/v2\/product\/14789\/revisions"}],"predecessor-version":[{"id":64890,"href":"https:\/\/rubi5.com\/staging\/wp-json\/wp\/v2\/product\/14789\/revisions\/64890"}],"wp:featuredmedia":[{"embeddable":true,"href":"https:\/\/rubi5.com\/staging\/wp-json\/wp\/v2\/media\/62854"}],"wp:attachment":[{"href":"https:\/\/rubi5.com\/staging\/wp-json\/wp\/v2\/media?parent=14789"}],"wp:term":[{"taxonomy":"product_brand","embeddable":true,"href":"https:\/\/rubi5.com\/staging\/wp-json\/wp\/v2\/product_brand?post=14789"},{"taxonomy":"product_cat","embeddable":true,"href":"https:\/\/rubi5.com\/staging\/wp-json\/wp\/v2\/product_cat?post=14789"},{"taxonomy":"product_tag","embeddable":true,"href":"https:\/\/rubi5.com\/staging\/wp-json\/wp\/v2\/product_tag?post=14789"}],"curies":[{"name":"wp","href":"https:\/\/api.w.org\/{rel}","templated":true}]}}