{"id":14806,"date":"2022-12-07T15:23:52","date_gmt":"2022-12-07T13:23:52","guid":{"rendered":"https:\/\/rubi5.com\/?post_type=product&#038;p=14806"},"modified":"2026-01-22T11:14:32","modified_gmt":"2026-01-22T09:14:32","slug":"mochila-antirrobo-bulman","status":"publish","type":"product","link":"https:\/\/rubi5.com\/staging\/mochila-antirrobo-bulman\/","title":{"rendered":"Mochila Antirrobo Bulman"},"content":{"rendered":"","protected":false},"excerpt":{"rendered":"<p>Mochila de negocios antirrobo de l\u00ednea nature y en resistente 600D RPET efecto melange, elaborado a partir de pl\u00e1stico reciclado para as\u00ed fomentar la reutilizaci\u00f3n de residuos pl\u00e1sticos y contribuir a la sostenibilidad del planeta.Detalles en negro y base reforzada. Incluye bolsillo antirrobo para guardar objetos de valor. Bolsillo exterior de cremallera, con dos compartimentos interiores acolchados para ordenador port\u00e1til de hasta 15 pulgadas y tablet de hasta 12 pulgadas. Cintas de hombros y espalda con acolchado ergon\u00f3mico y distintivo RPET en etiqueta exterior.<\/p>\n","protected":false},"featured_media":62847,"template":"","meta":{"_acf_changed":false},"product_brand":[],"product_cat":[21,224,220],"product_tag":[],"class_list":{"0":"post-14806","1":"product","2":"type-product","3":"status-publish","4":"has-post-thumbnail","6":"product_cat-bolsas-y-mochilas","7":"product_cat-mochilas-para-portatil","8":"product_cat-mochilas-personalizadas","10":"first","11":"instock","12":"taxable","13":"shipping-taxable","14":"purchasable","15":"product-type-variable"},"acf":[],"_links":{"self":[{"href":"https:\/\/rubi5.com\/staging\/wp-json\/wp\/v2\/product\/14806","targetHints":{"allow":["GET"]}}],"collection":[{"href":"https:\/\/rubi5.com\/staging\/wp-json\/wp\/v2\/product"}],"about":[{"href":"https:\/\/rubi5.com\/staging\/wp-json\/wp\/v2\/types\/product"}],"version-history":[{"count":1,"href":"https:\/\/rubi5.com\/staging\/wp-json\/wp\/v2\/product\/14806\/revisions"}],"predecessor-version":[{"id":14881,"href":"https:\/\/rubi5.com\/staging\/wp-json\/wp\/v2\/product\/14806\/revisions\/14881"}],"wp:featuredmedia":[{"embeddable":true,"href":"https:\/\/rubi5.com\/staging\/wp-json\/wp\/v2\/media\/62847"}],"wp:attachment":[{"href":"https:\/\/rubi5.com\/staging\/wp-json\/wp\/v2\/media?parent=14806"}],"wp:term":[{"taxonomy":"product_brand","embeddable":true,"href":"https:\/\/rubi5.com\/staging\/wp-json\/wp\/v2\/product_brand?post=14806"},{"taxonomy":"product_cat","embeddable":true,"href":"https:\/\/rubi5.com\/staging\/wp-json\/wp\/v2\/product_cat?post=14806"},{"taxonomy":"product_tag","embeddable":true,"href":"https:\/\/rubi5.com\/staging\/wp-json\/wp\/v2\/product_tag?post=14806"}],"curies":[{"name":"wp","href":"https:\/\/api.w.org\/{rel}","templated":true}]}}