{"id":14935,"date":"2022-12-07T15:44:05","date_gmt":"2022-12-07T13:44:05","guid":{"rendered":"https:\/\/rubi5.com\/?post_type=product&#038;p=14935"},"modified":"2026-01-22T11:14:32","modified_gmt":"2026-01-22T09:14:32","slug":"mochila-densul","status":"publish","type":"product","link":"https:\/\/rubi5.com\/staging\/mochila-densul\/","title":{"rendered":"Mochila Densul"},"content":{"rendered":"","protected":false},"excerpt":{"rendered":"<p>Mochila t\u00e9cnica en resistente combinaci\u00f3n de poli\u00e9ster 210D y ripstop, con una atractiva combinaci\u00f3n de colores. Con cierre de cremallera de doble tirador met\u00e1lico y bolsillos en frontal. Con refuerzos de nylon ajustables en los cierres y esquinas reforzadas. Espalda con acolchado ergon\u00f3mico, cintas de hombros acolchadas con cintas de ajuste regulables y cierre de clic.<\/p>\n","protected":false},"featured_media":14990,"template":"","meta":{"_acf_changed":false},"product_brand":[],"product_cat":[21,225,220],"product_tag":[],"class_list":{"0":"post-14935","1":"product","2":"type-product","3":"status-publish","4":"has-post-thumbnail","6":"product_cat-bolsas-y-mochilas","7":"product_cat-mochilas-deportivas","8":"product_cat-mochilas-personalizadas","10":"first","11":"instock","12":"taxable","13":"shipping-taxable","14":"purchasable","15":"product-type-variable"},"acf":[],"_links":{"self":[{"href":"https:\/\/rubi5.com\/staging\/wp-json\/wp\/v2\/product\/14935","targetHints":{"allow":["GET"]}}],"collection":[{"href":"https:\/\/rubi5.com\/staging\/wp-json\/wp\/v2\/product"}],"about":[{"href":"https:\/\/rubi5.com\/staging\/wp-json\/wp\/v2\/types\/product"}],"version-history":[{"count":1,"href":"https:\/\/rubi5.com\/staging\/wp-json\/wp\/v2\/product\/14935\/revisions"}],"predecessor-version":[{"id":14987,"href":"https:\/\/rubi5.com\/staging\/wp-json\/wp\/v2\/product\/14935\/revisions\/14987"}],"wp:featuredmedia":[{"embeddable":true,"href":"https:\/\/rubi5.com\/staging\/wp-json\/wp\/v2\/media\/14990"}],"wp:attachment":[{"href":"https:\/\/rubi5.com\/staging\/wp-json\/wp\/v2\/media?parent=14935"}],"wp:term":[{"taxonomy":"product_brand","embeddable":true,"href":"https:\/\/rubi5.com\/staging\/wp-json\/wp\/v2\/product_brand?post=14935"},{"taxonomy":"product_cat","embeddable":true,"href":"https:\/\/rubi5.com\/staging\/wp-json\/wp\/v2\/product_cat?post=14935"},{"taxonomy":"product_tag","embeddable":true,"href":"https:\/\/rubi5.com\/staging\/wp-json\/wp\/v2\/product_tag?post=14935"}],"curies":[{"name":"wp","href":"https:\/\/api.w.org\/{rel}","templated":true}]}}