{"id":15029,"date":"2022-12-09T15:15:08","date_gmt":"2022-12-09T13:15:08","guid":{"rendered":"https:\/\/rubi5.com\/?post_type=product&#038;p=15029"},"modified":"2026-01-21T03:17:46","modified_gmt":"2026-01-21T01:17:46","slug":"taza-wilem","status":"publish","type":"product","link":"https:\/\/rubi5.com\/staging\/taza-wilem\/","title":{"rendered":"Taza Wilem"},"content":{"rendered":"","protected":false},"excerpt":{"rendered":"<p>Taza met\u00e1lica de 380ml de capacidad con dise\u00f1o vintage y acabado con imperfecciones para mayor sensaci\u00f3n retro. En combinaci\u00f3n de exterior en variada gama de colores e interior en color blanco con borde negro. Presentada en caja individual.<\/p>\n","protected":false},"featured_media":62083,"template":"","meta":{"_acf_changed":false},"product_brand":[],"product_cat":[997,230,30],"product_tag":[],"class_list":{"0":"post-15029","1":"product","2":"type-product","3":"status-publish","4":"has-post-thumbnail","6":"product_cat-tazas-metalicas","7":"product_cat-tazas-personalizadas","8":"product_cat-tazas-y-botellas","10":"first","11":"instock","12":"taxable","13":"shipping-taxable","14":"purchasable","15":"product-type-variable"},"acf":[],"_links":{"self":[{"href":"https:\/\/rubi5.com\/staging\/wp-json\/wp\/v2\/product\/15029","targetHints":{"allow":["GET"]}}],"collection":[{"href":"https:\/\/rubi5.com\/staging\/wp-json\/wp\/v2\/product"}],"about":[{"href":"https:\/\/rubi5.com\/staging\/wp-json\/wp\/v2\/types\/product"}],"version-history":[{"count":1,"href":"https:\/\/rubi5.com\/staging\/wp-json\/wp\/v2\/product\/15029\/revisions"}],"predecessor-version":[{"id":15076,"href":"https:\/\/rubi5.com\/staging\/wp-json\/wp\/v2\/product\/15029\/revisions\/15076"}],"wp:featuredmedia":[{"embeddable":true,"href":"https:\/\/rubi5.com\/staging\/wp-json\/wp\/v2\/media\/62083"}],"wp:attachment":[{"href":"https:\/\/rubi5.com\/staging\/wp-json\/wp\/v2\/media?parent=15029"}],"wp:term":[{"taxonomy":"product_brand","embeddable":true,"href":"https:\/\/rubi5.com\/staging\/wp-json\/wp\/v2\/product_brand?post=15029"},{"taxonomy":"product_cat","embeddable":true,"href":"https:\/\/rubi5.com\/staging\/wp-json\/wp\/v2\/product_cat?post=15029"},{"taxonomy":"product_tag","embeddable":true,"href":"https:\/\/rubi5.com\/staging\/wp-json\/wp\/v2\/product_tag?post=15029"}],"curies":[{"name":"wp","href":"https:\/\/api.w.org\/{rel}","templated":true}]}}