{"id":15041,"date":"2022-12-09T15:15:09","date_gmt":"2022-12-09T13:15:09","guid":{"rendered":"https:\/\/rubi5.com\/?post_type=product&#038;p=15041"},"modified":"2026-01-15T11:15:07","modified_gmt":"2026-01-15T09:15:07","slug":"taza-cotes","status":"publish","type":"product","link":"https:\/\/rubi5.com\/staging\/taza-cotes\/","title":{"rendered":"Taza Cotes"},"content":{"rendered":"","protected":false},"excerpt":{"rendered":"<p>Taza de cer\u00e1mica de 350ml de capacidad en divertida combinaci\u00f3n de exterior en color blanco e interior en gama de vivos colores. Con cuchara de cer\u00e1mica a juego integrada en asa y presentada en caja individual.<\/p>\n","protected":false},"featured_media":62073,"template":"","meta":{"_acf_changed":false},"product_brand":[],"product_cat":[231,230,30],"product_tag":[],"class_list":{"0":"post-15041","1":"product","2":"type-product","3":"status-publish","4":"has-post-thumbnail","6":"product_cat-tazas-de-cafe","7":"product_cat-tazas-personalizadas","8":"product_cat-tazas-y-botellas","10":"first","11":"instock","12":"taxable","13":"shipping-taxable","14":"purchasable","15":"product-type-variable"},"acf":[],"_links":{"self":[{"href":"https:\/\/rubi5.com\/staging\/wp-json\/wp\/v2\/product\/15041","targetHints":{"allow":["GET"]}}],"collection":[{"href":"https:\/\/rubi5.com\/staging\/wp-json\/wp\/v2\/product"}],"about":[{"href":"https:\/\/rubi5.com\/staging\/wp-json\/wp\/v2\/types\/product"}],"version-history":[{"count":1,"href":"https:\/\/rubi5.com\/staging\/wp-json\/wp\/v2\/product\/15041\/revisions"}],"predecessor-version":[{"id":15113,"href":"https:\/\/rubi5.com\/staging\/wp-json\/wp\/v2\/product\/15041\/revisions\/15113"}],"wp:featuredmedia":[{"embeddable":true,"href":"https:\/\/rubi5.com\/staging\/wp-json\/wp\/v2\/media\/62073"}],"wp:attachment":[{"href":"https:\/\/rubi5.com\/staging\/wp-json\/wp\/v2\/media?parent=15041"}],"wp:term":[{"taxonomy":"product_brand","embeddable":true,"href":"https:\/\/rubi5.com\/staging\/wp-json\/wp\/v2\/product_brand?post=15041"},{"taxonomy":"product_cat","embeddable":true,"href":"https:\/\/rubi5.com\/staging\/wp-json\/wp\/v2\/product_cat?post=15041"},{"taxonomy":"product_tag","embeddable":true,"href":"https:\/\/rubi5.com\/staging\/wp-json\/wp\/v2\/product_tag?post=15041"}],"curies":[{"name":"wp","href":"https:\/\/api.w.org\/{rel}","templated":true}]}}