{"id":15083,"date":"2022-12-09T15:15:57","date_gmt":"2022-12-09T13:15:57","guid":{"rendered":"https:\/\/rubi5.com\/?post_type=product&#038;p=15083"},"modified":"2026-01-15T11:15:07","modified_gmt":"2026-01-15T09:15:07","slug":"taza-sublimacion-harnet","status":"publish","type":"product","link":"https:\/\/rubi5.com\/staging\/taza-sublimacion-harnet\/","title":{"rendered":"Taza Sublimaci\u00f3n Harnet"},"content":{"rendered":"","protected":false},"excerpt":{"rendered":"<p>Taza de cer\u00e1mica de 350ml. Con el cuerpo en color blanco, dise\u00f1ada para un marcaje en sublimaci\u00f3n a todo color. Ideal para grabar una foto o una imagen a todo color alrededor de la taza.<\/p>\n<p>Esta taza personalizada es especial porque tiene el asa y el interior en color. No es como el resto de tazas blancas normales, lo que le da un toque m\u00e1s divertido.<\/p>\n<p>\u00bfEst\u00e1s pensando hacer un regalo de comuni\u00f3n con la foto del peque de la casa? Elige una taza personalizada con una foto y entrega un regalo pr\u00e1ctico y especial a tus invitados, en vez de el marco de fotos de toda la vida.<\/p>\n<p>Presentada en caja individual.<\/p>\n","protected":false},"featured_media":62080,"template":"","meta":{"_acf_changed":false},"product_brand":[],"product_cat":[232,230,30],"product_tag":[],"class_list":{"0":"post-15083","1":"product","2":"type-product","3":"status-publish","4":"has-post-thumbnail","6":"product_cat-tazas-para-sublimar","7":"product_cat-tazas-personalizadas","8":"product_cat-tazas-y-botellas","10":"first","11":"instock","12":"taxable","13":"shipping-taxable","14":"purchasable","15":"product-type-variable"},"acf":[],"_links":{"self":[{"href":"https:\/\/rubi5.com\/staging\/wp-json\/wp\/v2\/product\/15083","targetHints":{"allow":["GET"]}}],"collection":[{"href":"https:\/\/rubi5.com\/staging\/wp-json\/wp\/v2\/product"}],"about":[{"href":"https:\/\/rubi5.com\/staging\/wp-json\/wp\/v2\/types\/product"}],"version-history":[{"count":4,"href":"https:\/\/rubi5.com\/staging\/wp-json\/wp\/v2\/product\/15083\/revisions"}],"predecessor-version":[{"id":56420,"href":"https:\/\/rubi5.com\/staging\/wp-json\/wp\/v2\/product\/15083\/revisions\/56420"}],"wp:featuredmedia":[{"embeddable":true,"href":"https:\/\/rubi5.com\/staging\/wp-json\/wp\/v2\/media\/62080"}],"wp:attachment":[{"href":"https:\/\/rubi5.com\/staging\/wp-json\/wp\/v2\/media?parent=15083"}],"wp:term":[{"taxonomy":"product_brand","embeddable":true,"href":"https:\/\/rubi5.com\/staging\/wp-json\/wp\/v2\/product_brand?post=15083"},{"taxonomy":"product_cat","embeddable":true,"href":"https:\/\/rubi5.com\/staging\/wp-json\/wp\/v2\/product_cat?post=15083"},{"taxonomy":"product_tag","embeddable":true,"href":"https:\/\/rubi5.com\/staging\/wp-json\/wp\/v2\/product_tag?post=15083"}],"curies":[{"name":"wp","href":"https:\/\/api.w.org\/{rel}","templated":true}]}}