{"id":15094,"date":"2022-12-09T15:15:58","date_gmt":"2022-12-09T13:15:58","guid":{"rendered":"https:\/\/rubi5.com\/?post_type=product&#038;p=15094"},"modified":"2026-01-15T11:15:07","modified_gmt":"2026-01-15T09:15:07","slug":"taza-sublimacion-gover","status":"publish","type":"product","link":"https:\/\/rubi5.com\/staging\/taza-sublimacion-gover\/","title":{"rendered":"Taza Sublimaci\u00f3n Gover"},"content":{"rendered":"","protected":false},"excerpt":{"rendered":"<p>Taza de cer\u00e1mica de 300ml de capacidad. Con un dise\u00f1o vintage, cuerpo en color blanco, y con el borde de la taza coloreado.. En elegante dise\u00f1o bicolor, con anilla coloreada en el borde. Especialmente dise\u00f1ada para marcaje en sublimaci\u00f3n, lo que permitir\u00e1 personalizar esta taza publicitaria con tu logo.<\/p>\n<p>Presentada en caja individual.<\/p>\n","protected":false},"featured_media":62079,"template":"","meta":{"_acf_changed":false},"product_brand":[],"product_cat":[232,230,30],"product_tag":[],"class_list":{"0":"post-15094","1":"product","2":"type-product","3":"status-publish","4":"has-post-thumbnail","6":"product_cat-tazas-para-sublimar","7":"product_cat-tazas-personalizadas","8":"product_cat-tazas-y-botellas","10":"first","11":"instock","12":"taxable","13":"shipping-taxable","14":"purchasable","15":"product-type-variable"},"acf":[],"_links":{"self":[{"href":"https:\/\/rubi5.com\/staging\/wp-json\/wp\/v2\/product\/15094","targetHints":{"allow":["GET"]}}],"collection":[{"href":"https:\/\/rubi5.com\/staging\/wp-json\/wp\/v2\/product"}],"about":[{"href":"https:\/\/rubi5.com\/staging\/wp-json\/wp\/v2\/types\/product"}],"version-history":[{"count":2,"href":"https:\/\/rubi5.com\/staging\/wp-json\/wp\/v2\/product\/15094\/revisions"}],"predecessor-version":[{"id":56439,"href":"https:\/\/rubi5.com\/staging\/wp-json\/wp\/v2\/product\/15094\/revisions\/56439"}],"wp:featuredmedia":[{"embeddable":true,"href":"https:\/\/rubi5.com\/staging\/wp-json\/wp\/v2\/media\/62079"}],"wp:attachment":[{"href":"https:\/\/rubi5.com\/staging\/wp-json\/wp\/v2\/media?parent=15094"}],"wp:term":[{"taxonomy":"product_brand","embeddable":true,"href":"https:\/\/rubi5.com\/staging\/wp-json\/wp\/v2\/product_brand?post=15094"},{"taxonomy":"product_cat","embeddable":true,"href":"https:\/\/rubi5.com\/staging\/wp-json\/wp\/v2\/product_cat?post=15094"},{"taxonomy":"product_tag","embeddable":true,"href":"https:\/\/rubi5.com\/staging\/wp-json\/wp\/v2\/product_tag?post=15094"}],"curies":[{"name":"wp","href":"https:\/\/api.w.org\/{rel}","templated":true}]}}