{"id":15116,"date":"2022-12-09T15:16:22","date_gmt":"2022-12-09T13:16:22","guid":{"rendered":"https:\/\/rubi5.com\/?post_type=product&#038;p=15116"},"modified":"2026-01-15T11:15:07","modified_gmt":"2026-01-15T09:15:07","slug":"taza-sublimacion-kantol","status":"publish","type":"product","link":"https:\/\/rubi5.com\/staging\/taza-sublimacion-kantol\/","title":{"rendered":"Taza Sublimaci\u00f3n Kantol"},"content":{"rendered":"","protected":false},"excerpt":{"rendered":"<p>Taza met\u00e1lica de dise\u00f1o retro con 380ml de capacidad. Especialmente dise\u00f1ada para marcaje en sublimaci\u00f3n, con elegante detalle en color negro y presentada en caja individual. Acabado irregular para resaltar el aspecto vintage de la taza.<\/p>\n","protected":false},"featured_media":62082,"template":"","meta":{"_acf_changed":false},"product_brand":[],"product_cat":[232,230,30],"product_tag":[],"class_list":{"0":"post-15116","1":"product","2":"type-product","3":"status-publish","4":"has-post-thumbnail","6":"product_cat-tazas-para-sublimar","7":"product_cat-tazas-personalizadas","8":"product_cat-tazas-y-botellas","10":"first","11":"instock","12":"taxable","13":"shipping-taxable","14":"purchasable","15":"product-type-variable"},"acf":[],"_links":{"self":[{"href":"https:\/\/rubi5.com\/staging\/wp-json\/wp\/v2\/product\/15116","targetHints":{"allow":["GET"]}}],"collection":[{"href":"https:\/\/rubi5.com\/staging\/wp-json\/wp\/v2\/product"}],"about":[{"href":"https:\/\/rubi5.com\/staging\/wp-json\/wp\/v2\/types\/product"}],"version-history":[{"count":1,"href":"https:\/\/rubi5.com\/staging\/wp-json\/wp\/v2\/product\/15116\/revisions"}],"predecessor-version":[{"id":15180,"href":"https:\/\/rubi5.com\/staging\/wp-json\/wp\/v2\/product\/15116\/revisions\/15180"}],"wp:featuredmedia":[{"embeddable":true,"href":"https:\/\/rubi5.com\/staging\/wp-json\/wp\/v2\/media\/62082"}],"wp:attachment":[{"href":"https:\/\/rubi5.com\/staging\/wp-json\/wp\/v2\/media?parent=15116"}],"wp:term":[{"taxonomy":"product_brand","embeddable":true,"href":"https:\/\/rubi5.com\/staging\/wp-json\/wp\/v2\/product_brand?post=15116"},{"taxonomy":"product_cat","embeddable":true,"href":"https:\/\/rubi5.com\/staging\/wp-json\/wp\/v2\/product_cat?post=15116"},{"taxonomy":"product_tag","embeddable":true,"href":"https:\/\/rubi5.com\/staging\/wp-json\/wp\/v2\/product_tag?post=15116"}],"curies":[{"name":"wp","href":"https:\/\/api.w.org\/{rel}","templated":true}]}}