{"id":15243,"date":"2022-12-12T10:13:53","date_gmt":"2022-12-12T08:13:53","guid":{"rendered":"https:\/\/rubi5.com\/?post_type=product&#038;p=15243"},"modified":"2026-01-18T11:22:50","modified_gmt":"2026-01-18T09:22:50","slug":"bidon-lurok","status":"publish","type":"product","link":"https:\/\/rubi5.com\/staging\/bidon-lurok\/","title":{"rendered":"Bid\u00f3n con funda Lurok"},"content":{"rendered":"","protected":false},"excerpt":{"rendered":"<p>Bid\u00f3n de l\u00ednea nature en combinaci\u00f3n de materiales bamb\u00fa y cristal. 530 ml de capacidad, con tap\u00f3n a rosca en bamb\u00fa y funda en elegante color blanco. Asa de transporte en color nature y presentado en atractiva caja de dise\u00f1o eco.<\/p>\n","protected":false},"featured_media":57834,"template":"","meta":{"_acf_changed":false},"product_brand":[],"product_cat":[233,234,30],"product_tag":[],"class_list":{"0":"post-15243","1":"product","2":"type-product","3":"status-publish","4":"has-post-thumbnail","6":"product_cat-botellas-personalizadas","7":"product_cat-botellas-reutilizables","8":"product_cat-tazas-y-botellas","10":"first","11":"instock","12":"taxable","13":"shipping-taxable","14":"purchasable","15":"product-type-variable"},"acf":[],"_links":{"self":[{"href":"https:\/\/rubi5.com\/staging\/wp-json\/wp\/v2\/product\/15243","targetHints":{"allow":["GET"]}}],"collection":[{"href":"https:\/\/rubi5.com\/staging\/wp-json\/wp\/v2\/product"}],"about":[{"href":"https:\/\/rubi5.com\/staging\/wp-json\/wp\/v2\/types\/product"}],"version-history":[{"count":2,"href":"https:\/\/rubi5.com\/staging\/wp-json\/wp\/v2\/product\/15243\/revisions"}],"predecessor-version":[{"id":64344,"href":"https:\/\/rubi5.com\/staging\/wp-json\/wp\/v2\/product\/15243\/revisions\/64344"}],"wp:featuredmedia":[{"embeddable":true,"href":"https:\/\/rubi5.com\/staging\/wp-json\/wp\/v2\/media\/57834"}],"wp:attachment":[{"href":"https:\/\/rubi5.com\/staging\/wp-json\/wp\/v2\/media?parent=15243"}],"wp:term":[{"taxonomy":"product_brand","embeddable":true,"href":"https:\/\/rubi5.com\/staging\/wp-json\/wp\/v2\/product_brand?post=15243"},{"taxonomy":"product_cat","embeddable":true,"href":"https:\/\/rubi5.com\/staging\/wp-json\/wp\/v2\/product_cat?post=15243"},{"taxonomy":"product_tag","embeddable":true,"href":"https:\/\/rubi5.com\/staging\/wp-json\/wp\/v2\/product_tag?post=15243"}],"curies":[{"name":"wp","href":"https:\/\/api.w.org\/{rel}","templated":true}]}}