{"id":15336,"date":"2022-12-12T10:15:21","date_gmt":"2022-12-12T08:15:21","guid":{"rendered":"https:\/\/rubi5.com\/?post_type=product&#038;p=15336"},"modified":"2026-01-18T11:22:50","modified_gmt":"2026-01-18T09:22:50","slug":"bidon-wistel","status":"publish","type":"product","link":"https:\/\/rubi5.com\/staging\/bidon-wistel\/","title":{"rendered":"Bid\u00f3n acero inoxidable Wistel"},"content":{"rendered":"","protected":false},"excerpt":{"rendered":"<p>Bid\u00f3n personalizado en PE veteado de 600ml de capacidad, libre de BPA. Con tap\u00f3n de seguridad a rosca en acero inoxidable y cinta de transporte. Certificaci\u00f3n Food Grade, garantizando la seguridad cuando la bebida entra en contacto con el material usado para fabricar el producto.<\/p>\n<p>Cambia tu botella de agua de pl\u00e1stico por un bid\u00f3n reutilizable, que adem\u00e1s de cuidar el medio ambiente por no tirar botellas de agua, tendr\u00e1s un bid\u00f3n ecol\u00f3gico en tu mano. Si tienes un nombre de marca muy reconocible, no dudes en hacer botellas personalizadas con tu logo y regalarlas a tus mejores clientes.<\/p>\n","protected":false},"featured_media":58015,"template":"","meta":{"_acf_changed":false},"product_brand":[],"product_cat":[234,233,30],"product_tag":[],"class_list":{"0":"post-15336","1":"product","2":"type-product","3":"status-publish","4":"has-post-thumbnail","6":"product_cat-botellas-reutilizables","7":"product_cat-botellas-personalizadas","8":"product_cat-tazas-y-botellas","10":"first","11":"instock","12":"taxable","13":"shipping-taxable","14":"purchasable","15":"product-type-variable"},"acf":[],"_links":{"self":[{"href":"https:\/\/rubi5.com\/staging\/wp-json\/wp\/v2\/product\/15336","targetHints":{"allow":["GET"]}}],"collection":[{"href":"https:\/\/rubi5.com\/staging\/wp-json\/wp\/v2\/product"}],"about":[{"href":"https:\/\/rubi5.com\/staging\/wp-json\/wp\/v2\/types\/product"}],"version-history":[{"count":4,"href":"https:\/\/rubi5.com\/staging\/wp-json\/wp\/v2\/product\/15336\/revisions"}],"predecessor-version":[{"id":64347,"href":"https:\/\/rubi5.com\/staging\/wp-json\/wp\/v2\/product\/15336\/revisions\/64347"}],"wp:featuredmedia":[{"embeddable":true,"href":"https:\/\/rubi5.com\/staging\/wp-json\/wp\/v2\/media\/58015"}],"wp:attachment":[{"href":"https:\/\/rubi5.com\/staging\/wp-json\/wp\/v2\/media?parent=15336"}],"wp:term":[{"taxonomy":"product_brand","embeddable":true,"href":"https:\/\/rubi5.com\/staging\/wp-json\/wp\/v2\/product_brand?post=15336"},{"taxonomy":"product_cat","embeddable":true,"href":"https:\/\/rubi5.com\/staging\/wp-json\/wp\/v2\/product_cat?post=15336"},{"taxonomy":"product_tag","embeddable":true,"href":"https:\/\/rubi5.com\/staging\/wp-json\/wp\/v2\/product_tag?post=15336"}],"curies":[{"name":"wp","href":"https:\/\/api.w.org\/{rel}","templated":true}]}}