{"id":15340,"date":"2022-12-12T10:15:22","date_gmt":"2022-12-12T08:15:22","guid":{"rendered":"https:\/\/rubi5.com\/?post_type=product&#038;p=15340"},"modified":"2026-01-18T11:22:49","modified_gmt":"2026-01-18T09:22:49","slug":"bidon-mento","status":"publish","type":"product","link":"https:\/\/rubi5.com\/staging\/bidon-mento\/","title":{"rendered":"Bid\u00f3n aluminio Mento"},"content":{"rendered":"","protected":false},"excerpt":{"rendered":"<p>Bid\u00f3n de 400ml de capacidad con cuerpo de acabado en aluminio en vivos y variados colores. Con tap\u00f3n de seguridad a rosca y mosquet\u00f3n met\u00e1lico de transporte. Presentado en atractiva caja de dise\u00f1o.<\/p>\n","protected":false},"featured_media":69832,"template":"","meta":{"_acf_changed":false},"product_brand":[],"product_cat":[233,234,904,1031,30],"product_tag":[],"class_list":{"0":"post-15340","1":"product","2":"type-product","3":"status-publish","4":"has-post-thumbnail","6":"product_cat-botellas-personalizadas","7":"product_cat-botellas-reutilizables","8":"product_cat-detalles-personalizados","9":"product_cat-novedades","10":"product_cat-tazas-y-botellas","12":"first","13":"instock","14":"taxable","15":"shipping-taxable","16":"purchasable","17":"product-type-variable"},"acf":[],"_links":{"self":[{"href":"https:\/\/rubi5.com\/staging\/wp-json\/wp\/v2\/product\/15340","targetHints":{"allow":["GET"]}}],"collection":[{"href":"https:\/\/rubi5.com\/staging\/wp-json\/wp\/v2\/product"}],"about":[{"href":"https:\/\/rubi5.com\/staging\/wp-json\/wp\/v2\/types\/product"}],"version-history":[{"count":2,"href":"https:\/\/rubi5.com\/staging\/wp-json\/wp\/v2\/product\/15340\/revisions"}],"predecessor-version":[{"id":64336,"href":"https:\/\/rubi5.com\/staging\/wp-json\/wp\/v2\/product\/15340\/revisions\/64336"}],"wp:featuredmedia":[{"embeddable":true,"href":"https:\/\/rubi5.com\/staging\/wp-json\/wp\/v2\/media\/69832"}],"wp:attachment":[{"href":"https:\/\/rubi5.com\/staging\/wp-json\/wp\/v2\/media?parent=15340"}],"wp:term":[{"taxonomy":"product_brand","embeddable":true,"href":"https:\/\/rubi5.com\/staging\/wp-json\/wp\/v2\/product_brand?post=15340"},{"taxonomy":"product_cat","embeddable":true,"href":"https:\/\/rubi5.com\/staging\/wp-json\/wp\/v2\/product_cat?post=15340"},{"taxonomy":"product_tag","embeddable":true,"href":"https:\/\/rubi5.com\/staging\/wp-json\/wp\/v2\/product_tag?post=15340"}],"curies":[{"name":"wp","href":"https:\/\/api.w.org\/{rel}","templated":true}]}}