{"id":15368,"date":"2022-12-12T10:15:45","date_gmt":"2022-12-12T08:15:45","guid":{"rendered":"https:\/\/rubi5.com\/?post_type=product&#038;p=15368"},"modified":"2026-01-18T11:22:21","modified_gmt":"2026-01-18T09:22:21","slug":"bidon-termico-zolop","status":"publish","type":"product","link":"https:\/\/rubi5.com\/staging\/bidon-termico-zolop\/","title":{"rendered":"Bid\u00f3n T\u00e9rmico Zolop"},"content":{"rendered":"","protected":false},"excerpt":{"rendered":"<p>Botella t\u00e9rmica de acero inox de 850ml de capacidad en acabado brillante. Con tap\u00f3n de seguridad y presentada en atractiva caja de dise\u00f1o.<\/p>\n","protected":false},"featured_media":57860,"template":"","meta":{"_acf_changed":false},"product_brand":[],"product_cat":[233,235,30],"product_tag":[],"class_list":{"0":"post-15368","1":"product","2":"type-product","3":"status-publish","4":"has-post-thumbnail","6":"product_cat-botellas-personalizadas","7":"product_cat-botellas-termicas","8":"product_cat-tazas-y-botellas","10":"first","11":"instock","12":"taxable","13":"shipping-taxable","14":"product-type-variable"},"acf":[],"_links":{"self":[{"href":"https:\/\/rubi5.com\/staging\/wp-json\/wp\/v2\/product\/15368","targetHints":{"allow":["GET"]}}],"collection":[{"href":"https:\/\/rubi5.com\/staging\/wp-json\/wp\/v2\/product"}],"about":[{"href":"https:\/\/rubi5.com\/staging\/wp-json\/wp\/v2\/types\/product"}],"version-history":[{"count":1,"href":"https:\/\/rubi5.com\/staging\/wp-json\/wp\/v2\/product\/15368\/revisions"}],"predecessor-version":[{"id":15437,"href":"https:\/\/rubi5.com\/staging\/wp-json\/wp\/v2\/product\/15368\/revisions\/15437"}],"wp:featuredmedia":[{"embeddable":true,"href":"https:\/\/rubi5.com\/staging\/wp-json\/wp\/v2\/media\/57860"}],"wp:attachment":[{"href":"https:\/\/rubi5.com\/staging\/wp-json\/wp\/v2\/media?parent=15368"}],"wp:term":[{"taxonomy":"product_brand","embeddable":true,"href":"https:\/\/rubi5.com\/staging\/wp-json\/wp\/v2\/product_brand?post=15368"},{"taxonomy":"product_cat","embeddable":true,"href":"https:\/\/rubi5.com\/staging\/wp-json\/wp\/v2\/product_cat?post=15368"},{"taxonomy":"product_tag","embeddable":true,"href":"https:\/\/rubi5.com\/staging\/wp-json\/wp\/v2\/product_tag?post=15368"}],"curies":[{"name":"wp","href":"https:\/\/api.w.org\/{rel}","templated":true}]}}