{"id":15394,"date":"2022-12-12T10:16:08","date_gmt":"2022-12-12T08:16:08","guid":{"rendered":"https:\/\/rubi5.com\/?post_type=product&#038;p=15394"},"modified":"2026-01-18T11:22:20","modified_gmt":"2026-01-18T09:22:20","slug":"bidon-herilox","status":"publish","type":"product","link":"https:\/\/rubi5.com\/staging\/bidon-herilox\/","title":{"rendered":"Bid\u00f3n acero inoxidable Herilox"},"content":{"rendered":"","protected":false},"excerpt":{"rendered":"<p>Bid\u00f3n de 630ml de capacidad con cuerpo en acero inox de vivos y variados colores, de acabado mate. Con tap\u00f3n de seguridad. Presentado en caja individual.<\/p>\n","protected":false},"featured_media":57853,"template":"","meta":{"_acf_changed":false},"product_brand":[],"product_cat":[233,234,30],"product_tag":[],"class_list":{"0":"post-15394","1":"product","2":"type-product","3":"status-publish","4":"has-post-thumbnail","6":"product_cat-botellas-personalizadas","7":"product_cat-botellas-reutilizables","8":"product_cat-tazas-y-botellas","10":"first","11":"instock","12":"taxable","13":"shipping-taxable","14":"product-type-variable"},"acf":[],"_links":{"self":[{"href":"https:\/\/rubi5.com\/staging\/wp-json\/wp\/v2\/product\/15394","targetHints":{"allow":["GET"]}}],"collection":[{"href":"https:\/\/rubi5.com\/staging\/wp-json\/wp\/v2\/product"}],"about":[{"href":"https:\/\/rubi5.com\/staging\/wp-json\/wp\/v2\/types\/product"}],"version-history":[{"count":2,"href":"https:\/\/rubi5.com\/staging\/wp-json\/wp\/v2\/product\/15394\/revisions"}],"predecessor-version":[{"id":64333,"href":"https:\/\/rubi5.com\/staging\/wp-json\/wp\/v2\/product\/15394\/revisions\/64333"}],"wp:featuredmedia":[{"embeddable":true,"href":"https:\/\/rubi5.com\/staging\/wp-json\/wp\/v2\/media\/57853"}],"wp:attachment":[{"href":"https:\/\/rubi5.com\/staging\/wp-json\/wp\/v2\/media?parent=15394"}],"wp:term":[{"taxonomy":"product_brand","embeddable":true,"href":"https:\/\/rubi5.com\/staging\/wp-json\/wp\/v2\/product_brand?post=15394"},{"taxonomy":"product_cat","embeddable":true,"href":"https:\/\/rubi5.com\/staging\/wp-json\/wp\/v2\/product_cat?post=15394"},{"taxonomy":"product_tag","embeddable":true,"href":"https:\/\/rubi5.com\/staging\/wp-json\/wp\/v2\/product_tag?post=15394"}],"curies":[{"name":"wp","href":"https:\/\/api.w.org\/{rel}","templated":true}]}}