{"id":15446,"date":"2022-12-12T10:16:54","date_gmt":"2022-12-12T08:16:54","guid":{"rendered":"https:\/\/rubi5.com\/?post_type=product&#038;p=15446"},"modified":"2026-01-18T11:22:49","modified_gmt":"2026-01-18T09:22:49","slug":"bidon-smaly","status":"publish","type":"product","link":"https:\/\/rubi5.com\/staging\/bidon-smaly\/","title":{"rendered":"Bid\u00f3n acero inoxidable Smaly"},"content":{"rendered":"","protected":false},"excerpt":{"rendered":"<p>Bid\u00f3n en alta calidad y de gran capacidad -800 ml- en acero inox. Sistema de f\u00e1cil apertura libre de BPA y asa de transporte a juego. Disponible en variada gama de colores brillantes y presentado en atractiva caja de dise\u00f1o.<\/p>\n","protected":false},"featured_media":57856,"template":"","meta":{"_acf_changed":false},"product_brand":[],"product_cat":[234,233,30],"product_tag":[],"class_list":{"0":"post-15446","1":"product","2":"type-product","3":"status-publish","4":"has-post-thumbnail","6":"product_cat-botellas-reutilizables","7":"product_cat-botellas-personalizadas","8":"product_cat-tazas-y-botellas","10":"first","11":"instock","12":"taxable","13":"shipping-taxable","14":"purchasable","15":"product-type-variable"},"acf":[],"_links":{"self":[{"href":"https:\/\/rubi5.com\/staging\/wp-json\/wp\/v2\/product\/15446","targetHints":{"allow":["GET"]}}],"collection":[{"href":"https:\/\/rubi5.com\/staging\/wp-json\/wp\/v2\/product"}],"about":[{"href":"https:\/\/rubi5.com\/staging\/wp-json\/wp\/v2\/types\/product"}],"version-history":[{"count":3,"href":"https:\/\/rubi5.com\/staging\/wp-json\/wp\/v2\/product\/15446\/revisions"}],"predecessor-version":[{"id":64329,"href":"https:\/\/rubi5.com\/staging\/wp-json\/wp\/v2\/product\/15446\/revisions\/64329"}],"wp:featuredmedia":[{"embeddable":true,"href":"https:\/\/rubi5.com\/staging\/wp-json\/wp\/v2\/media\/57856"}],"wp:attachment":[{"href":"https:\/\/rubi5.com\/staging\/wp-json\/wp\/v2\/media?parent=15446"}],"wp:term":[{"taxonomy":"product_brand","embeddable":true,"href":"https:\/\/rubi5.com\/staging\/wp-json\/wp\/v2\/product_brand?post=15446"},{"taxonomy":"product_cat","embeddable":true,"href":"https:\/\/rubi5.com\/staging\/wp-json\/wp\/v2\/product_cat?post=15446"},{"taxonomy":"product_tag","embeddable":true,"href":"https:\/\/rubi5.com\/staging\/wp-json\/wp\/v2\/product_tag?post=15446"}],"curies":[{"name":"wp","href":"https:\/\/api.w.org\/{rel}","templated":true}]}}