{"id":15493,"date":"2022-12-12T10:17:43","date_gmt":"2022-12-12T08:17:43","guid":{"rendered":"https:\/\/rubi5.com\/?post_type=product&#038;p=15493"},"modified":"2026-01-18T19:20:02","modified_gmt":"2026-01-18T17:20:02","slug":"bidon-pernal","status":"publish","type":"product","link":"https:\/\/rubi5.com\/staging\/bidon-pernal\/","title":{"rendered":"Bid\u00f3n Acero Inoxidable Pernal"},"content":{"rendered":"","protected":false},"excerpt":{"rendered":"<p>Bid\u00f3n en alta calidad y de gran capacidad -750 ml-. En acero inox, con tap\u00f3n a juego y anilla de transporte. Base en elegante acabado inox y disponible en elegantes colores blanco y negro. Presentado en atractiva caja de dise\u00f1o<\/p>\n","protected":false},"featured_media":57848,"template":"","meta":{"_acf_changed":false},"product_brand":[],"product_cat":[234,233,30],"product_tag":[],"class_list":{"0":"post-15493","1":"product","2":"type-product","3":"status-publish","4":"has-post-thumbnail","6":"product_cat-botellas-reutilizables","7":"product_cat-botellas-personalizadas","8":"product_cat-tazas-y-botellas","10":"first","11":"instock","12":"taxable","13":"shipping-taxable","14":"purchasable","15":"product-type-variable"},"acf":[],"_links":{"self":[{"href":"https:\/\/rubi5.com\/staging\/wp-json\/wp\/v2\/product\/15493","targetHints":{"allow":["GET"]}}],"collection":[{"href":"https:\/\/rubi5.com\/staging\/wp-json\/wp\/v2\/product"}],"about":[{"href":"https:\/\/rubi5.com\/staging\/wp-json\/wp\/v2\/types\/product"}],"version-history":[{"count":2,"href":"https:\/\/rubi5.com\/staging\/wp-json\/wp\/v2\/product\/15493\/revisions"}],"predecessor-version":[{"id":64326,"href":"https:\/\/rubi5.com\/staging\/wp-json\/wp\/v2\/product\/15493\/revisions\/64326"}],"wp:featuredmedia":[{"embeddable":true,"href":"https:\/\/rubi5.com\/staging\/wp-json\/wp\/v2\/media\/57848"}],"wp:attachment":[{"href":"https:\/\/rubi5.com\/staging\/wp-json\/wp\/v2\/media?parent=15493"}],"wp:term":[{"taxonomy":"product_brand","embeddable":true,"href":"https:\/\/rubi5.com\/staging\/wp-json\/wp\/v2\/product_brand?post=15493"},{"taxonomy":"product_cat","embeddable":true,"href":"https:\/\/rubi5.com\/staging\/wp-json\/wp\/v2\/product_cat?post=15493"},{"taxonomy":"product_tag","embeddable":true,"href":"https:\/\/rubi5.com\/staging\/wp-json\/wp\/v2\/product_tag?post=15493"}],"curies":[{"name":"wp","href":"https:\/\/api.w.org\/{rel}","templated":true}]}}