{"id":15496,"date":"2022-12-12T10:17:43","date_gmt":"2022-12-12T08:17:43","guid":{"rendered":"https:\/\/rubi5.com\/?post_type=product&#038;p=15496"},"modified":"2026-01-18T19:20:02","modified_gmt":"2026-01-18T17:20:02","slug":"bidon-termico-kungel","status":"publish","type":"product","link":"https:\/\/rubi5.com\/staging\/bidon-termico-kungel\/","title":{"rendered":"Bid\u00f3n T\u00e9rmico Kungel"},"content":{"rendered":"","protected":false},"excerpt":{"rendered":"<p>Bid\u00f3n t\u00e9rmico de acero inox, con doble capa y aislamiento de cobre al vac\u00edo. El mismo le permite mantener el calor y el fr\u00edo durante un tiempo m\u00e1s prolongado, llegando a las 12 y 48 horas respectivamente. De 500ml de capacidad, y disponible en variada gama de colores metalizados. Presentado en atractiva caja de dise\u00f1o.<\/p>\n","protected":false},"featured_media":60614,"template":"","meta":{"_acf_changed":false},"product_brand":[],"product_cat":[233,235,30],"product_tag":[],"class_list":{"0":"post-15496","1":"product","2":"type-product","3":"status-publish","4":"has-post-thumbnail","6":"product_cat-botellas-personalizadas","7":"product_cat-botellas-termicas","8":"product_cat-tazas-y-botellas","10":"first","11":"instock","12":"taxable","13":"shipping-taxable","14":"purchasable","15":"product-type-variable"},"acf":[],"_links":{"self":[{"href":"https:\/\/rubi5.com\/staging\/wp-json\/wp\/v2\/product\/15496","targetHints":{"allow":["GET"]}}],"collection":[{"href":"https:\/\/rubi5.com\/staging\/wp-json\/wp\/v2\/product"}],"about":[{"href":"https:\/\/rubi5.com\/staging\/wp-json\/wp\/v2\/types\/product"}],"version-history":[{"count":3,"href":"https:\/\/rubi5.com\/staging\/wp-json\/wp\/v2\/product\/15496\/revisions"}],"predecessor-version":[{"id":57799,"href":"https:\/\/rubi5.com\/staging\/wp-json\/wp\/v2\/product\/15496\/revisions\/57799"}],"wp:featuredmedia":[{"embeddable":true,"href":"https:\/\/rubi5.com\/staging\/wp-json\/wp\/v2\/media\/60614"}],"wp:attachment":[{"href":"https:\/\/rubi5.com\/staging\/wp-json\/wp\/v2\/media?parent=15496"}],"wp:term":[{"taxonomy":"product_brand","embeddable":true,"href":"https:\/\/rubi5.com\/staging\/wp-json\/wp\/v2\/product_brand?post=15496"},{"taxonomy":"product_cat","embeddable":true,"href":"https:\/\/rubi5.com\/staging\/wp-json\/wp\/v2\/product_cat?post=15496"},{"taxonomy":"product_tag","embeddable":true,"href":"https:\/\/rubi5.com\/staging\/wp-json\/wp\/v2\/product_tag?post=15496"}],"curies":[{"name":"wp","href":"https:\/\/api.w.org\/{rel}","templated":true}]}}