{"id":15523,"date":"2022-12-12T10:18:06","date_gmt":"2022-12-12T08:18:06","guid":{"rendered":"https:\/\/rubi5.com\/?post_type=product&#038;p=15523"},"modified":"2026-01-21T20:25:37","modified_gmt":"2026-01-21T18:25:37","slug":"bidon-rangler","status":"publish","type":"product","link":"https:\/\/rubi5.com\/staging\/bidon-rangler\/","title":{"rendered":"Bid\u00f3n Acero Inoxidable Rangler 800ml"},"content":{"rendered":"","protected":false},"excerpt":{"rendered":"<p>Bid\u00f3n personalizado de<strong> 800ml<\/strong> de capacidad. Cuerpo fabricado en <strong>acero inoxidable<\/strong> y tap\u00f3n en <strong>bamb\u00fa<\/strong> con original asa met\u00e1lica de transporte. Presentado en una caja ecol\u00f3gica.<\/p>\n<p>Su gran capacidad te permitir\u00e1 llevar contigo m\u00e1s agua, lo que la hace una muy buena opci\u00f3n para elegir entre diferentes bidones que tengan tus clientes en su casa.<\/p>\n<p>Adem\u00e1s, gracias a su <strong>tap\u00f3n a rosca<\/strong>, har\u00e1 <strong>m\u00e1s segura<\/strong> la botella, evitando que se escape el agua.<\/p>\n<p><strong>Tu imagen de marca destacar\u00e1 en una botella personalizada<\/strong>, gracias a su fondo plateado. Elige un dise\u00f1o atractivo para tu logotipo y pl\u00e1smalo en la botella, en un color que represente vuestra empresa. Ya tendr\u00e1s tu <strong>bid\u00f3n publicitario<\/strong> para repartir en el pr\u00f3ximo <strong>evento deportivo<\/strong>, o como <strong>regalo de empresa<\/strong> en cualquier otra ocasi\u00f3n.<\/p>\n","protected":false},"featured_media":15591,"template":"","meta":{"_acf_changed":false},"product_brand":[],"product_cat":[234,233,30],"product_tag":[],"class_list":{"0":"post-15523","1":"product","2":"type-product","3":"status-publish","4":"has-post-thumbnail","6":"product_cat-botellas-reutilizables","7":"product_cat-botellas-personalizadas","8":"product_cat-tazas-y-botellas","10":"first","11":"instock","12":"taxable","13":"shipping-taxable","14":"product-type-variable"},"acf":[],"_links":{"self":[{"href":"https:\/\/rubi5.com\/staging\/wp-json\/wp\/v2\/product\/15523","targetHints":{"allow":["GET"]}}],"collection":[{"href":"https:\/\/rubi5.com\/staging\/wp-json\/wp\/v2\/product"}],"about":[{"href":"https:\/\/rubi5.com\/staging\/wp-json\/wp\/v2\/types\/product"}],"version-history":[{"count":5,"href":"https:\/\/rubi5.com\/staging\/wp-json\/wp\/v2\/product\/15523\/revisions"}],"predecessor-version":[{"id":64325,"href":"https:\/\/rubi5.com\/staging\/wp-json\/wp\/v2\/product\/15523\/revisions\/64325"}],"wp:featuredmedia":[{"embeddable":true,"href":"https:\/\/rubi5.com\/staging\/wp-json\/wp\/v2\/media\/15591"}],"wp:attachment":[{"href":"https:\/\/rubi5.com\/staging\/wp-json\/wp\/v2\/media?parent=15523"}],"wp:term":[{"taxonomy":"product_brand","embeddable":true,"href":"https:\/\/rubi5.com\/staging\/wp-json\/wp\/v2\/product_brand?post=15523"},{"taxonomy":"product_cat","embeddable":true,"href":"https:\/\/rubi5.com\/staging\/wp-json\/wp\/v2\/product_cat?post=15523"},{"taxonomy":"product_tag","embeddable":true,"href":"https:\/\/rubi5.com\/staging\/wp-json\/wp\/v2\/product_tag?post=15523"}],"curies":[{"name":"wp","href":"https:\/\/api.w.org\/{rel}","templated":true}]}}