{"id":15578,"date":"2022-12-12T10:18:54","date_gmt":"2022-12-12T08:18:54","guid":{"rendered":"https:\/\/rubi5.com\/?post_type=product&#038;p=15578"},"modified":"2026-01-21T20:26:06","modified_gmt":"2026-01-21T18:26:06","slug":"termo-moltex","status":"publish","type":"product","link":"https:\/\/rubi5.com\/staging\/termo-moltex\/","title":{"rendered":"Termo Moltex"},"content":{"rendered":"","protected":false},"excerpt":{"rendered":"<p>Termo en alta calidad y 500 ml de capacidad, con cuerpo acabado en bamb\u00fa e interior en acero inox. Tap\u00f3n de seguridad a rosca en acero inox y bamb\u00fa. Presentado en una atractiva caja de dise\u00f1o.<\/p>\n","protected":false},"featured_media":60574,"template":"","meta":{"_acf_changed":false},"product_brand":[],"product_cat":[233,30,236],"product_tag":[],"class_list":{"0":"post-15578","1":"product","2":"type-product","3":"status-publish","4":"has-post-thumbnail","6":"product_cat-botellas-personalizadas","7":"product_cat-tazas-y-botellas","8":"product_cat-termos-personalizados","10":"first","11":"instock","12":"taxable","13":"shipping-taxable","14":"purchasable","15":"product-type-variable"},"acf":[],"_links":{"self":[{"href":"https:\/\/rubi5.com\/staging\/wp-json\/wp\/v2\/product\/15578","targetHints":{"allow":["GET"]}}],"collection":[{"href":"https:\/\/rubi5.com\/staging\/wp-json\/wp\/v2\/product"}],"about":[{"href":"https:\/\/rubi5.com\/staging\/wp-json\/wp\/v2\/types\/product"}],"version-history":[{"count":1,"href":"https:\/\/rubi5.com\/staging\/wp-json\/wp\/v2\/product\/15578\/revisions"}],"predecessor-version":[{"id":15645,"href":"https:\/\/rubi5.com\/staging\/wp-json\/wp\/v2\/product\/15578\/revisions\/15645"}],"wp:featuredmedia":[{"embeddable":true,"href":"https:\/\/rubi5.com\/staging\/wp-json\/wp\/v2\/media\/60574"}],"wp:attachment":[{"href":"https:\/\/rubi5.com\/staging\/wp-json\/wp\/v2\/media?parent=15578"}],"wp:term":[{"taxonomy":"product_brand","embeddable":true,"href":"https:\/\/rubi5.com\/staging\/wp-json\/wp\/v2\/product_brand?post=15578"},{"taxonomy":"product_cat","embeddable":true,"href":"https:\/\/rubi5.com\/staging\/wp-json\/wp\/v2\/product_cat?post=15578"},{"taxonomy":"product_tag","embeddable":true,"href":"https:\/\/rubi5.com\/staging\/wp-json\/wp\/v2\/product_tag?post=15578"}],"curies":[{"name":"wp","href":"https:\/\/api.w.org\/{rel}","templated":true}]}}