{"id":15585,"date":"2022-12-12T10:18:54","date_gmt":"2022-12-12T08:18:54","guid":{"rendered":"https:\/\/rubi5.com\/?post_type=product&#038;p=15585"},"modified":"2026-01-21T20:26:06","modified_gmt":"2026-01-21T18:26:06","slug":"termo-plusek","status":"publish","type":"product","link":"https:\/\/rubi5.com\/staging\/termo-plusek\/","title":{"rendered":"Termo Plusek"},"content":{"rendered":"","protected":false},"excerpt":{"rendered":"<p>Termo en acero inox de 500ml de capacidad. Con doble pared para mejor y m\u00e1s duradera conservaci\u00f3n de la temperatura. Infusor incluido y sistema de apertura f\u00e1cil a rosca. Disponible en variada gama de colores y presentado en atractiva caja de dise\u00f1o.<\/p>\n","protected":false},"featured_media":60562,"template":"","meta":{"_acf_changed":false},"product_brand":[],"product_cat":[233,30,236],"product_tag":[],"class_list":{"0":"post-15585","1":"product","2":"type-product","3":"status-publish","4":"has-post-thumbnail","6":"product_cat-botellas-personalizadas","7":"product_cat-tazas-y-botellas","8":"product_cat-termos-personalizados","10":"first","11":"instock","12":"taxable","13":"shipping-taxable","14":"purchasable","15":"product-type-variable"},"acf":[],"_links":{"self":[{"href":"https:\/\/rubi5.com\/staging\/wp-json\/wp\/v2\/product\/15585","targetHints":{"allow":["GET"]}}],"collection":[{"href":"https:\/\/rubi5.com\/staging\/wp-json\/wp\/v2\/product"}],"about":[{"href":"https:\/\/rubi5.com\/staging\/wp-json\/wp\/v2\/types\/product"}],"version-history":[{"count":1,"href":"https:\/\/rubi5.com\/staging\/wp-json\/wp\/v2\/product\/15585\/revisions"}],"predecessor-version":[{"id":15666,"href":"https:\/\/rubi5.com\/staging\/wp-json\/wp\/v2\/product\/15585\/revisions\/15666"}],"wp:featuredmedia":[{"embeddable":true,"href":"https:\/\/rubi5.com\/staging\/wp-json\/wp\/v2\/media\/60562"}],"wp:attachment":[{"href":"https:\/\/rubi5.com\/staging\/wp-json\/wp\/v2\/media?parent=15585"}],"wp:term":[{"taxonomy":"product_brand","embeddable":true,"href":"https:\/\/rubi5.com\/staging\/wp-json\/wp\/v2\/product_brand?post=15585"},{"taxonomy":"product_cat","embeddable":true,"href":"https:\/\/rubi5.com\/staging\/wp-json\/wp\/v2\/product_cat?post=15585"},{"taxonomy":"product_tag","embeddable":true,"href":"https:\/\/rubi5.com\/staging\/wp-json\/wp\/v2\/product_tag?post=15585"}],"curies":[{"name":"wp","href":"https:\/\/api.w.org\/{rel}","templated":true}]}}