{"id":15613,"date":"2022-12-12T10:19:27","date_gmt":"2022-12-12T08:19:27","guid":{"rendered":"https:\/\/rubi5.com\/?post_type=product&#038;p=15613"},"modified":"2026-01-21T20:26:06","modified_gmt":"2026-01-21T18:26:06","slug":"bidon-sublimacion-bredix","status":"publish","type":"product","link":"https:\/\/rubi5.com\/staging\/bidon-sublimacion-bredix\/","title":{"rendered":"Bid\u00f3n Sublimaci\u00f3n Bredix"},"content":{"rendered":"","protected":false},"excerpt":{"rendered":"<p>Bid\u00f3n de aluminio de 800ml de capacidad. Acabado en suave y brillante color blanco, especialmente dise\u00f1ado para marcaje en sublimaci\u00f3n. Con tap\u00f3n de seguridad a rosca y mosquet\u00f3n met\u00e1lico de transporte. Presentado en atractiva caja de dise\u00f1o.<\/p>\n","protected":false},"featured_media":15673,"template":"","meta":{"_acf_changed":false},"product_brand":[],"product_cat":[237,233,30],"product_tag":[],"class_list":{"0":"post-15613","1":"product","2":"type-product","3":"status-publish","4":"has-post-thumbnail","6":"product_cat-botellas-para-sublimar","7":"product_cat-botellas-personalizadas","8":"product_cat-tazas-y-botellas","10":"first","11":"instock","12":"taxable","13":"shipping-taxable","14":"purchasable","15":"product-type-variable"},"acf":[],"_links":{"self":[{"href":"https:\/\/rubi5.com\/staging\/wp-json\/wp\/v2\/product\/15613","targetHints":{"allow":["GET"]}}],"collection":[{"href":"https:\/\/rubi5.com\/staging\/wp-json\/wp\/v2\/product"}],"about":[{"href":"https:\/\/rubi5.com\/staging\/wp-json\/wp\/v2\/types\/product"}],"version-history":[{"count":1,"href":"https:\/\/rubi5.com\/staging\/wp-json\/wp\/v2\/product\/15613\/revisions"}],"predecessor-version":[{"id":15676,"href":"https:\/\/rubi5.com\/staging\/wp-json\/wp\/v2\/product\/15613\/revisions\/15676"}],"wp:featuredmedia":[{"embeddable":true,"href":"https:\/\/rubi5.com\/staging\/wp-json\/wp\/v2\/media\/15673"}],"wp:attachment":[{"href":"https:\/\/rubi5.com\/staging\/wp-json\/wp\/v2\/media?parent=15613"}],"wp:term":[{"taxonomy":"product_brand","embeddable":true,"href":"https:\/\/rubi5.com\/staging\/wp-json\/wp\/v2\/product_brand?post=15613"},{"taxonomy":"product_cat","embeddable":true,"href":"https:\/\/rubi5.com\/staging\/wp-json\/wp\/v2\/product_cat?post=15613"},{"taxonomy":"product_tag","embeddable":true,"href":"https:\/\/rubi5.com\/staging\/wp-json\/wp\/v2\/product_tag?post=15613"}],"curies":[{"name":"wp","href":"https:\/\/api.w.org\/{rel}","templated":true}]}}