{"id":15782,"date":"2022-12-12T12:58:36","date_gmt":"2022-12-12T10:58:36","guid":{"rendered":"https:\/\/rubi5.com\/?post_type=product&#038;p=15782"},"modified":"2026-01-21T20:26:06","modified_gmt":"2026-01-21T18:26:06","slug":"bloc-notas-usb-boltuk","status":"publish","type":"product","link":"https:\/\/rubi5.com\/staging\/bloc-notas-usb-boltuk\/","title":{"rendered":"Bloc Notas USB Boltuk"},"content":{"rendered":"","protected":false},"excerpt":{"rendered":"<p>Bloc de notas de elegante acabado en color blanco, con memoria USB de 16GB de capacidad integrada en la tapa frontal. Cinta el\u00e1stica, memoria USB y marcap\u00e1ginas a juego, en variada gama de colores. Incluye 100 hojas con disposici\u00f3n a una raya.<\/p>\n<p>Medidas libreta: 14.2 x 21 cm<\/p>\n","protected":false},"featured_media":62145,"template":"","meta":{"_acf_changed":false},"product_brand":[],"product_cat":[934,247,33],"product_tag":[],"class_list":{"0":"post-15782","1":"product","2":"type-product","3":"status-publish","4":"has-post-thumbnail","6":"product_cat-libretas-a5","7":"product_cat-libretas-personalizadas","8":"product_cat-oficina","10":"first","11":"instock","12":"taxable","13":"shipping-taxable","14":"purchasable","15":"product-type-variable"},"acf":[],"_links":{"self":[{"href":"https:\/\/rubi5.com\/staging\/wp-json\/wp\/v2\/product\/15782","targetHints":{"allow":["GET"]}}],"collection":[{"href":"https:\/\/rubi5.com\/staging\/wp-json\/wp\/v2\/product"}],"about":[{"href":"https:\/\/rubi5.com\/staging\/wp-json\/wp\/v2\/types\/product"}],"version-history":[{"count":3,"href":"https:\/\/rubi5.com\/staging\/wp-json\/wp\/v2\/product\/15782\/revisions"}],"predecessor-version":[{"id":57455,"href":"https:\/\/rubi5.com\/staging\/wp-json\/wp\/v2\/product\/15782\/revisions\/57455"}],"wp:featuredmedia":[{"embeddable":true,"href":"https:\/\/rubi5.com\/staging\/wp-json\/wp\/v2\/media\/62145"}],"wp:attachment":[{"href":"https:\/\/rubi5.com\/staging\/wp-json\/wp\/v2\/media?parent=15782"}],"wp:term":[{"taxonomy":"product_brand","embeddable":true,"href":"https:\/\/rubi5.com\/staging\/wp-json\/wp\/v2\/product_brand?post=15782"},{"taxonomy":"product_cat","embeddable":true,"href":"https:\/\/rubi5.com\/staging\/wp-json\/wp\/v2\/product_cat?post=15782"},{"taxonomy":"product_tag","embeddable":true,"href":"https:\/\/rubi5.com\/staging\/wp-json\/wp\/v2\/product_tag?post=15782"}],"curies":[{"name":"wp","href":"https:\/\/api.w.org\/{rel}","templated":true}]}}