{"id":15807,"date":"2022-12-12T12:58:59","date_gmt":"2022-12-12T10:58:59","guid":{"rendered":"https:\/\/rubi5.com\/?post_type=product&#038;p=15807"},"modified":"2026-01-21T20:26:06","modified_gmt":"2026-01-21T18:26:06","slug":"libreta-neyla","status":"publish","type":"product","link":"https:\/\/rubi5.com\/staging\/libreta-neyla\/","title":{"rendered":"Libreta Neyla"},"content":{"rendered":"","protected":false},"excerpt":{"rendered":"<p>Esta libreta publicitaria es ecol\u00f3gica, fabricada en materiales reciclados. Una libreta de anillas con tapas r\u00edgidas en cart\u00f3n reciclado, con soporte para bol\u00edgrafo y 80 hojas a rayas. Incluye un bol\u00edgrafo de cart\u00f3n reciclado, que tambi\u00e9n podr\u00e1s personalizar. Este bol\u00edgrafo publicitario tiene un mecanismo pulsador y tinta azul.<\/p>\n<p>Si est\u00e1s buscando una libreta para personalizar y un bol\u00edgrafo a juego, dec\u00e1ntate por esta libreta, y tendr\u00e1s un 2 en 1.<\/p>\n<p>Medidas libretas: 17.5 x 21 cm<\/p>\n","protected":false},"featured_media":62394,"template":"","meta":{"_acf_changed":false},"product_brand":[],"product_cat":[933,247,33],"product_tag":[],"class_list":{"0":"post-15807","1":"product","2":"type-product","3":"status-publish","4":"has-post-thumbnail","6":"product_cat-libretas-ecologicas","7":"product_cat-libretas-personalizadas","8":"product_cat-oficina","10":"first","11":"instock","12":"taxable","13":"shipping-taxable","14":"purchasable","15":"product-type-variable"},"acf":[],"_links":{"self":[{"href":"https:\/\/rubi5.com\/staging\/wp-json\/wp\/v2\/product\/15807","targetHints":{"allow":["GET"]}}],"collection":[{"href":"https:\/\/rubi5.com\/staging\/wp-json\/wp\/v2\/product"}],"about":[{"href":"https:\/\/rubi5.com\/staging\/wp-json\/wp\/v2\/types\/product"}],"version-history":[{"count":6,"href":"https:\/\/rubi5.com\/staging\/wp-json\/wp\/v2\/product\/15807\/revisions"}],"predecessor-version":[{"id":57459,"href":"https:\/\/rubi5.com\/staging\/wp-json\/wp\/v2\/product\/15807\/revisions\/57459"}],"wp:featuredmedia":[{"embeddable":true,"href":"https:\/\/rubi5.com\/staging\/wp-json\/wp\/v2\/media\/62394"}],"wp:attachment":[{"href":"https:\/\/rubi5.com\/staging\/wp-json\/wp\/v2\/media?parent=15807"}],"wp:term":[{"taxonomy":"product_brand","embeddable":true,"href":"https:\/\/rubi5.com\/staging\/wp-json\/wp\/v2\/product_brand?post=15807"},{"taxonomy":"product_cat","embeddable":true,"href":"https:\/\/rubi5.com\/staging\/wp-json\/wp\/v2\/product_cat?post=15807"},{"taxonomy":"product_tag","embeddable":true,"href":"https:\/\/rubi5.com\/staging\/wp-json\/wp\/v2\/product_tag?post=15807"}],"curies":[{"name":"wp","href":"https:\/\/api.w.org\/{rel}","templated":true}]}}