{"id":15829,"date":"2022-12-12T12:59:22","date_gmt":"2022-12-12T10:59:22","guid":{"rendered":"https:\/\/rubi5.com\/?post_type=product&#038;p=15829"},"modified":"2026-01-21T20:26:06","modified_gmt":"2026-01-21T18:26:06","slug":"libreta-esteka","status":"publish","type":"product","link":"https:\/\/rubi5.com\/staging\/libreta-esteka\/","title":{"rendered":"Libreta Esteka"},"content":{"rendered":"","protected":false},"excerpt":{"rendered":"<p>Set de libreta y bol\u00edgrafo de l\u00ednea nature. Incluye libreta en cart\u00f3n reciclado, con soporte para bol\u00edgrafo y cinta de cierre a juego, de 60 hojas lisas. Bol\u00edgrafo de mecanismo pulsador, con cuerpo en cart\u00f3n reciclado y accesorios en ca\u00f1a de trigo -tinta azul-. Distintivo Wheat Straw en la parte superior del bol\u00edgrafo.<\/p>\n<p>Medidas libreta: 15 x 21 cm<\/p>\n","protected":false},"featured_media":62393,"template":"","meta":{"_acf_changed":false},"product_brand":[],"product_cat":[933,247,980,33,898],"product_tag":[],"class_list":{"0":"post-15829","1":"product","2":"type-product","3":"status-publish","4":"has-post-thumbnail","6":"product_cat-libretas-ecologicas","7":"product_cat-libretas-personalizadas","8":"product_cat-mas-regalos","9":"product_cat-oficina","10":"product_cat-regalos-ecologicos","12":"first","13":"instock","14":"taxable","15":"shipping-taxable","16":"purchasable","17":"product-type-variable"},"acf":[],"_links":{"self":[{"href":"https:\/\/rubi5.com\/staging\/wp-json\/wp\/v2\/product\/15829","targetHints":{"allow":["GET"]}}],"collection":[{"href":"https:\/\/rubi5.com\/staging\/wp-json\/wp\/v2\/product"}],"about":[{"href":"https:\/\/rubi5.com\/staging\/wp-json\/wp\/v2\/types\/product"}],"version-history":[{"count":3,"href":"https:\/\/rubi5.com\/staging\/wp-json\/wp\/v2\/product\/15829\/revisions"}],"predecessor-version":[{"id":61201,"href":"https:\/\/rubi5.com\/staging\/wp-json\/wp\/v2\/product\/15829\/revisions\/61201"}],"wp:featuredmedia":[{"embeddable":true,"href":"https:\/\/rubi5.com\/staging\/wp-json\/wp\/v2\/media\/62393"}],"wp:attachment":[{"href":"https:\/\/rubi5.com\/staging\/wp-json\/wp\/v2\/media?parent=15829"}],"wp:term":[{"taxonomy":"product_brand","embeddable":true,"href":"https:\/\/rubi5.com\/staging\/wp-json\/wp\/v2\/product_brand?post=15829"},{"taxonomy":"product_cat","embeddable":true,"href":"https:\/\/rubi5.com\/staging\/wp-json\/wp\/v2\/product_cat?post=15829"},{"taxonomy":"product_tag","embeddable":true,"href":"https:\/\/rubi5.com\/staging\/wp-json\/wp\/v2\/product_tag?post=15829"}],"curies":[{"name":"wp","href":"https:\/\/api.w.org\/{rel}","templated":true}]}}