{"id":15881,"date":"2022-12-12T13:00:12","date_gmt":"2022-12-12T11:00:12","guid":{"rendered":"https:\/\/rubi5.com\/?post_type=product&#038;p=15881"},"modified":"2026-01-21T20:26:06","modified_gmt":"2026-01-21T18:26:06","slug":"libreta-ecocard","status":"publish","type":"product","link":"https:\/\/rubi5.com\/staging\/libreta-ecocard\/","title":{"rendered":"Libreta Ecocard"},"content":{"rendered":"","protected":false},"excerpt":{"rendered":"<p>Libreta personalizada de anillas con tapas y acabado en cart\u00f3n reciclado bicolor, cuenta con un el\u00e1stico de sujeci\u00f3n en la portada y un bol\u00edgrafo en cart\u00f3n reciclado a juego. 6 colores diferentes disponibles, la libreta est\u00e1 compuesta por 70 hojas con distribuci\u00f3n a una raya y con soporte para bol\u00edgrafo en la contraportada.<\/p>\n<p>\ud83d\udccf Medidas de la libreta: <strong>9.7 x 14.4 cm<\/strong><\/p>\n","protected":false},"featured_media":61701,"template":"","meta":{"_acf_changed":false},"product_brand":[],"product_cat":[935,247,33],"product_tag":[],"class_list":{"0":"post-15881","1":"product","2":"type-product","3":"status-publish","4":"has-post-thumbnail","6":"product_cat-libretas-a6","7":"product_cat-libretas-personalizadas","8":"product_cat-oficina","10":"first","11":"instock","12":"taxable","13":"shipping-taxable","14":"purchasable","15":"product-type-variable"},"acf":[],"_links":{"self":[{"href":"https:\/\/rubi5.com\/staging\/wp-json\/wp\/v2\/product\/15881","targetHints":{"allow":["GET"]}}],"collection":[{"href":"https:\/\/rubi5.com\/staging\/wp-json\/wp\/v2\/product"}],"about":[{"href":"https:\/\/rubi5.com\/staging\/wp-json\/wp\/v2\/types\/product"}],"version-history":[{"count":3,"href":"https:\/\/rubi5.com\/staging\/wp-json\/wp\/v2\/product\/15881\/revisions"}],"predecessor-version":[{"id":61699,"href":"https:\/\/rubi5.com\/staging\/wp-json\/wp\/v2\/product\/15881\/revisions\/61699"}],"wp:featuredmedia":[{"embeddable":true,"href":"https:\/\/rubi5.com\/staging\/wp-json\/wp\/v2\/media\/61701"}],"wp:attachment":[{"href":"https:\/\/rubi5.com\/staging\/wp-json\/wp\/v2\/media?parent=15881"}],"wp:term":[{"taxonomy":"product_brand","embeddable":true,"href":"https:\/\/rubi5.com\/staging\/wp-json\/wp\/v2\/product_brand?post=15881"},{"taxonomy":"product_cat","embeddable":true,"href":"https:\/\/rubi5.com\/staging\/wp-json\/wp\/v2\/product_cat?post=15881"},{"taxonomy":"product_tag","embeddable":true,"href":"https:\/\/rubi5.com\/staging\/wp-json\/wp\/v2\/product_tag?post=15881"}],"curies":[{"name":"wp","href":"https:\/\/api.w.org\/{rel}","templated":true}]}}