{"id":15907,"date":"2022-12-12T13:00:36","date_gmt":"2022-12-12T11:00:36","guid":{"rendered":"https:\/\/rubi5.com\/?post_type=product&#038;p=15907"},"modified":"2026-01-21T20:26:06","modified_gmt":"2026-01-21T18:26:06","slug":"libreta-emerot","status":"publish","type":"product","link":"https:\/\/rubi5.com\/staging\/libreta-emerot\/","title":{"rendered":"Libreta Emerot"},"content":{"rendered":"","protected":false},"excerpt":{"rendered":"<p>Libreta de anillas con tapas de suave tacto acabadas en resistente cart\u00f3n reciclado r\u00edgido en variados colores. Con 80 hojas de distribuci\u00f3n a una raya.<\/p>\n<p>Medidas libreta: 11.6 x 15.3 cm<\/p>\n","protected":false},"featured_media":62392,"template":"","meta":{"_acf_changed":false},"product_brand":[],"product_cat":[33,932,247],"product_tag":[],"class_list":{"0":"post-15907","1":"product","2":"type-product","3":"status-publish","4":"has-post-thumbnail","6":"product_cat-oficina","7":"product_cat-libretas-de-anillas","8":"product_cat-libretas-personalizadas","10":"first","11":"instock","12":"taxable","13":"shipping-taxable","14":"purchasable","15":"product-type-variable"},"acf":[],"_links":{"self":[{"href":"https:\/\/rubi5.com\/staging\/wp-json\/wp\/v2\/product\/15907","targetHints":{"allow":["GET"]}}],"collection":[{"href":"https:\/\/rubi5.com\/staging\/wp-json\/wp\/v2\/product"}],"about":[{"href":"https:\/\/rubi5.com\/staging\/wp-json\/wp\/v2\/types\/product"}],"version-history":[{"count":2,"href":"https:\/\/rubi5.com\/staging\/wp-json\/wp\/v2\/product\/15907\/revisions"}],"predecessor-version":[{"id":57442,"href":"https:\/\/rubi5.com\/staging\/wp-json\/wp\/v2\/product\/15907\/revisions\/57442"}],"wp:featuredmedia":[{"embeddable":true,"href":"https:\/\/rubi5.com\/staging\/wp-json\/wp\/v2\/media\/62392"}],"wp:attachment":[{"href":"https:\/\/rubi5.com\/staging\/wp-json\/wp\/v2\/media?parent=15907"}],"wp:term":[{"taxonomy":"product_brand","embeddable":true,"href":"https:\/\/rubi5.com\/staging\/wp-json\/wp\/v2\/product_brand?post=15907"},{"taxonomy":"product_cat","embeddable":true,"href":"https:\/\/rubi5.com\/staging\/wp-json\/wp\/v2\/product_cat?post=15907"},{"taxonomy":"product_tag","embeddable":true,"href":"https:\/\/rubi5.com\/staging\/wp-json\/wp\/v2\/product_tag?post=15907"}],"curies":[{"name":"wp","href":"https:\/\/api.w.org\/{rel}","templated":true}]}}