{"id":15912,"date":"2022-12-12T13:00:36","date_gmt":"2022-12-12T11:00:36","guid":{"rendered":"https:\/\/rubi5.com\/?post_type=product&#038;p=15912"},"modified":"2026-01-21T20:26:06","modified_gmt":"2026-01-21T18:26:06","slug":"bloc-notas-kine","status":"publish","type":"product","link":"https:\/\/rubi5.com\/staging\/bloc-notas-kine\/","title":{"rendered":"Bloc Notas Kine"},"content":{"rendered":"","protected":false},"excerpt":{"rendered":"<p>Bloc de notas con tapas de suave tacto, acabado en polipiel y en desenfadados colores. De 100 hojas lisas, con el\u00e1stico de sujeci\u00f3n y marcap\u00e1ginas de tela a juego.<\/p>\n<p>Medidas bloc de notas: 9.3 x 14.3 cm<\/p>\n","protected":false},"featured_media":62142,"template":"","meta":{"_acf_changed":false},"product_brand":[],"product_cat":[935,904,247,33],"product_tag":[],"class_list":{"0":"post-15912","1":"product","2":"type-product","3":"status-publish","4":"has-post-thumbnail","6":"product_cat-libretas-a6","7":"product_cat-detalles-personalizados","8":"product_cat-libretas-personalizadas","9":"product_cat-oficina","11":"first","12":"instock","13":"taxable","14":"shipping-taxable","15":"purchasable","16":"product-type-variable"},"acf":[],"_links":{"self":[{"href":"https:\/\/rubi5.com\/staging\/wp-json\/wp\/v2\/product\/15912","targetHints":{"allow":["GET"]}}],"collection":[{"href":"https:\/\/rubi5.com\/staging\/wp-json\/wp\/v2\/product"}],"about":[{"href":"https:\/\/rubi5.com\/staging\/wp-json\/wp\/v2\/types\/product"}],"version-history":[{"count":3,"href":"https:\/\/rubi5.com\/staging\/wp-json\/wp\/v2\/product\/15912\/revisions"}],"predecessor-version":[{"id":57443,"href":"https:\/\/rubi5.com\/staging\/wp-json\/wp\/v2\/product\/15912\/revisions\/57443"}],"wp:featuredmedia":[{"embeddable":true,"href":"https:\/\/rubi5.com\/staging\/wp-json\/wp\/v2\/media\/62142"}],"wp:attachment":[{"href":"https:\/\/rubi5.com\/staging\/wp-json\/wp\/v2\/media?parent=15912"}],"wp:term":[{"taxonomy":"product_brand","embeddable":true,"href":"https:\/\/rubi5.com\/staging\/wp-json\/wp\/v2\/product_brand?post=15912"},{"taxonomy":"product_cat","embeddable":true,"href":"https:\/\/rubi5.com\/staging\/wp-json\/wp\/v2\/product_cat?post=15912"},{"taxonomy":"product_tag","embeddable":true,"href":"https:\/\/rubi5.com\/staging\/wp-json\/wp\/v2\/product_tag?post=15912"}],"curies":[{"name":"wp","href":"https:\/\/api.w.org\/{rel}","templated":true}]}}