{"id":15948,"date":"2022-12-12T13:01:10","date_gmt":"2022-12-12T11:01:10","guid":{"rendered":"https:\/\/rubi5.com\/?post_type=product&#038;p=15948"},"modified":"2026-01-21T20:26:06","modified_gmt":"2026-01-21T18:26:06","slug":"libreta-tunel","status":"publish","type":"product","link":"https:\/\/rubi5.com\/staging\/libreta-tunel\/","title":{"rendered":"Libreta Tunel"},"content":{"rendered":"","protected":false},"excerpt":{"rendered":"<p>Libreta de anillas con tapas de suave tacto acabadas en resistente cart\u00f3n reciclado bicolor, el\u00e1stico de sujeci\u00f3n en portada y bol\u00edgrafo en cart\u00f3n reciclado a juego. De atrevidos colores, 60 hojas lisas y con soporte para bol\u00edgrafo en contraportada.<\/p>\n<p>Medidas libreta: 16.5 x 21 cm<\/p>\n","protected":false},"featured_media":62157,"template":"","meta":{"_acf_changed":false},"product_brand":[],"product_cat":[933,904,247,33],"product_tag":[],"class_list":{"0":"post-15948","1":"product","2":"type-product","3":"status-publish","4":"has-post-thumbnail","6":"product_cat-libretas-ecologicas","7":"product_cat-detalles-personalizados","8":"product_cat-libretas-personalizadas","9":"product_cat-oficina","11":"first","12":"instock","13":"taxable","14":"shipping-taxable","15":"purchasable","16":"product-type-variable"},"acf":[],"_links":{"self":[{"href":"https:\/\/rubi5.com\/staging\/wp-json\/wp\/v2\/product\/15948","targetHints":{"allow":["GET"]}}],"collection":[{"href":"https:\/\/rubi5.com\/staging\/wp-json\/wp\/v2\/product"}],"about":[{"href":"https:\/\/rubi5.com\/staging\/wp-json\/wp\/v2\/types\/product"}],"version-history":[{"count":2,"href":"https:\/\/rubi5.com\/staging\/wp-json\/wp\/v2\/product\/15948\/revisions"}],"predecessor-version":[{"id":57445,"href":"https:\/\/rubi5.com\/staging\/wp-json\/wp\/v2\/product\/15948\/revisions\/57445"}],"wp:featuredmedia":[{"embeddable":true,"href":"https:\/\/rubi5.com\/staging\/wp-json\/wp\/v2\/media\/62157"}],"wp:attachment":[{"href":"https:\/\/rubi5.com\/staging\/wp-json\/wp\/v2\/media?parent=15948"}],"wp:term":[{"taxonomy":"product_brand","embeddable":true,"href":"https:\/\/rubi5.com\/staging\/wp-json\/wp\/v2\/product_brand?post=15948"},{"taxonomy":"product_cat","embeddable":true,"href":"https:\/\/rubi5.com\/staging\/wp-json\/wp\/v2\/product_cat?post=15948"},{"taxonomy":"product_tag","embeddable":true,"href":"https:\/\/rubi5.com\/staging\/wp-json\/wp\/v2\/product_tag?post=15948"}],"curies":[{"name":"wp","href":"https:\/\/api.w.org\/{rel}","templated":true}]}}