{"id":15979,"date":"2022-12-12T13:01:42","date_gmt":"2022-12-12T11:01:42","guid":{"rendered":"https:\/\/rubi5.com\/?post_type=product&#038;p=15979"},"modified":"2026-01-21T20:26:06","modified_gmt":"2026-01-21T18:26:06","slug":"bloc-notas-cilux","status":"publish","type":"product","link":"https:\/\/rubi5.com\/staging\/bloc-notas-cilux\/","title":{"rendered":"Bloc Notas Cilux"},"content":{"rendered":"","protected":false},"excerpt":{"rendered":"<p>Bloc de notas con tapas de suave tacto, acabado en polipiel y en desenfadados colores. De 100 hojas lisas, con el\u00e1stico de sujeci\u00f3n y marcap\u00e1ginas de tela a juego.<\/p>\n<p>Medidas libreta: 14.7 x 21 cm<\/p>\n","protected":false},"featured_media":62141,"template":"","meta":{"_acf_changed":false},"product_brand":[],"product_cat":[934,247,33],"product_tag":[],"class_list":{"0":"post-15979","1":"product","2":"type-product","3":"status-publish","4":"has-post-thumbnail","6":"product_cat-libretas-a5","7":"product_cat-libretas-personalizadas","8":"product_cat-oficina","10":"first","11":"instock","12":"taxable","13":"shipping-taxable","14":"purchasable","15":"product-type-variable"},"acf":[],"_links":{"self":[{"href":"https:\/\/rubi5.com\/staging\/wp-json\/wp\/v2\/product\/15979","targetHints":{"allow":["GET"]}}],"collection":[{"href":"https:\/\/rubi5.com\/staging\/wp-json\/wp\/v2\/product"}],"about":[{"href":"https:\/\/rubi5.com\/staging\/wp-json\/wp\/v2\/types\/product"}],"version-history":[{"count":3,"href":"https:\/\/rubi5.com\/staging\/wp-json\/wp\/v2\/product\/15979\/revisions"}],"predecessor-version":[{"id":57446,"href":"https:\/\/rubi5.com\/staging\/wp-json\/wp\/v2\/product\/15979\/revisions\/57446"}],"wp:featuredmedia":[{"embeddable":true,"href":"https:\/\/rubi5.com\/staging\/wp-json\/wp\/v2\/media\/62141"}],"wp:attachment":[{"href":"https:\/\/rubi5.com\/staging\/wp-json\/wp\/v2\/media?parent=15979"}],"wp:term":[{"taxonomy":"product_brand","embeddable":true,"href":"https:\/\/rubi5.com\/staging\/wp-json\/wp\/v2\/product_brand?post=15979"},{"taxonomy":"product_cat","embeddable":true,"href":"https:\/\/rubi5.com\/staging\/wp-json\/wp\/v2\/product_cat?post=15979"},{"taxonomy":"product_tag","embeddable":true,"href":"https:\/\/rubi5.com\/staging\/wp-json\/wp\/v2\/product_tag?post=15979"}],"curies":[{"name":"wp","href":"https:\/\/api.w.org\/{rel}","templated":true}]}}