{"id":16025,"date":"2022-12-12T13:02:27","date_gmt":"2022-12-12T11:02:27","guid":{"rendered":"https:\/\/rubi5.com\/?post_type=product&#038;p=16025"},"modified":"2026-01-21T20:26:06","modified_gmt":"2026-01-21T18:26:06","slug":"libreta-koguel","status":"publish","type":"product","link":"https:\/\/rubi5.com\/staging\/libreta-koguel\/","title":{"rendered":"Libreta Koguel"},"content":{"rendered":"","protected":false},"excerpt":{"rendered":"<p>Libreta de anillas con tapas de suave tacto acabadas en resistente cart\u00f3n reciclado y bol\u00edgrafo en cart\u00f3n reciclado a juego. De atrevidos colores, 70 hojas lisas y con soporte para bol\u00edgrafo en contraportada.<\/p>\n<p>Medidas libreta: 15 x 18.2 cm<\/p>\n<p>&nbsp;<\/p>\n","protected":false},"featured_media":62391,"template":"","meta":{"_acf_changed":false},"product_brand":[],"product_cat":[932,247,33],"product_tag":[],"class_list":{"0":"post-16025","1":"product","2":"type-product","3":"status-publish","4":"has-post-thumbnail","6":"product_cat-libretas-de-anillas","7":"product_cat-libretas-personalizadas","8":"product_cat-oficina","10":"first","11":"instock","12":"taxable","13":"shipping-taxable","14":"purchasable","15":"product-type-variable"},"acf":[],"_links":{"self":[{"href":"https:\/\/rubi5.com\/staging\/wp-json\/wp\/v2\/product\/16025","targetHints":{"allow":["GET"]}}],"collection":[{"href":"https:\/\/rubi5.com\/staging\/wp-json\/wp\/v2\/product"}],"about":[{"href":"https:\/\/rubi5.com\/staging\/wp-json\/wp\/v2\/types\/product"}],"version-history":[{"count":2,"href":"https:\/\/rubi5.com\/staging\/wp-json\/wp\/v2\/product\/16025\/revisions"}],"predecessor-version":[{"id":57448,"href":"https:\/\/rubi5.com\/staging\/wp-json\/wp\/v2\/product\/16025\/revisions\/57448"}],"wp:featuredmedia":[{"embeddable":true,"href":"https:\/\/rubi5.com\/staging\/wp-json\/wp\/v2\/media\/62391"}],"wp:attachment":[{"href":"https:\/\/rubi5.com\/staging\/wp-json\/wp\/v2\/media?parent=16025"}],"wp:term":[{"taxonomy":"product_brand","embeddable":true,"href":"https:\/\/rubi5.com\/staging\/wp-json\/wp\/v2\/product_brand?post=16025"},{"taxonomy":"product_cat","embeddable":true,"href":"https:\/\/rubi5.com\/staging\/wp-json\/wp\/v2\/product_cat?post=16025"},{"taxonomy":"product_tag","embeddable":true,"href":"https:\/\/rubi5.com\/staging\/wp-json\/wp\/v2\/product_tag?post=16025"}],"curies":[{"name":"wp","href":"https:\/\/api.w.org\/{rel}","templated":true}]}}