{"id":16080,"date":"2022-12-12T13:03:21","date_gmt":"2022-12-12T11:03:21","guid":{"rendered":"https:\/\/rubi5.com\/?post_type=product&#038;p=16080"},"modified":"2026-01-21T20:26:06","modified_gmt":"2026-01-21T18:26:06","slug":"bloc-notas-climer","status":"publish","type":"product","link":"https:\/\/rubi5.com\/staging\/bloc-notas-climer\/","title":{"rendered":"Bloc Notas Climer"},"content":{"rendered":"","protected":false},"excerpt":{"rendered":"<p>Bloc de notas con tapas de suave tacto acabadas en corcho natural. De 80 hojas lisas, con el\u00e1stico de sujeci\u00f3n y marcap\u00e1ginas de tela a juego.<\/p>\n<p>Medidas libreta: 8.9 x 14 cm<\/p>\n","protected":false},"featured_media":62373,"template":"","meta":{"_acf_changed":false},"product_brand":[],"product_cat":[935,933,247,980,33,898],"product_tag":[],"class_list":{"0":"post-16080","1":"product","2":"type-product","3":"status-publish","4":"has-post-thumbnail","6":"product_cat-libretas-a6","7":"product_cat-libretas-ecologicas","8":"product_cat-libretas-personalizadas","9":"product_cat-mas-regalos","10":"product_cat-oficina","11":"product_cat-regalos-ecologicos","13":"first","14":"instock","15":"taxable","16":"shipping-taxable","17":"purchasable","18":"product-type-variable"},"acf":[],"_links":{"self":[{"href":"https:\/\/rubi5.com\/staging\/wp-json\/wp\/v2\/product\/16080","targetHints":{"allow":["GET"]}}],"collection":[{"href":"https:\/\/rubi5.com\/staging\/wp-json\/wp\/v2\/product"}],"about":[{"href":"https:\/\/rubi5.com\/staging\/wp-json\/wp\/v2\/types\/product"}],"version-history":[{"count":2,"href":"https:\/\/rubi5.com\/staging\/wp-json\/wp\/v2\/product\/16080\/revisions"}],"predecessor-version":[{"id":57449,"href":"https:\/\/rubi5.com\/staging\/wp-json\/wp\/v2\/product\/16080\/revisions\/57449"}],"wp:featuredmedia":[{"embeddable":true,"href":"https:\/\/rubi5.com\/staging\/wp-json\/wp\/v2\/media\/62373"}],"wp:attachment":[{"href":"https:\/\/rubi5.com\/staging\/wp-json\/wp\/v2\/media?parent=16080"}],"wp:term":[{"taxonomy":"product_brand","embeddable":true,"href":"https:\/\/rubi5.com\/staging\/wp-json\/wp\/v2\/product_brand?post=16080"},{"taxonomy":"product_cat","embeddable":true,"href":"https:\/\/rubi5.com\/staging\/wp-json\/wp\/v2\/product_cat?post=16080"},{"taxonomy":"product_tag","embeddable":true,"href":"https:\/\/rubi5.com\/staging\/wp-json\/wp\/v2\/product_tag?post=16080"}],"curies":[{"name":"wp","href":"https:\/\/api.w.org\/{rel}","templated":true}]}}