{"id":16111,"date":"2022-12-12T13:03:43","date_gmt":"2022-12-12T11:03:43","guid":{"rendered":"https:\/\/rubi5.com\/?post_type=product&#038;p=16111"},"modified":"2026-01-21T20:26:06","modified_gmt":"2026-01-21T18:26:06","slug":"bloc-notas-bosco","status":"publish","type":"product","link":"https:\/\/rubi5.com\/staging\/bloc-notas-bosco\/","title":{"rendered":"Bloc Notas Bosco"},"content":{"rendered":"","protected":false},"excerpt":{"rendered":"<p>Bloc de notas con tapas de suave tacto acabadas en resistente cart\u00f3n natural. De 100 hojas lisas, con el\u00e1stico de sujeci\u00f3n y marcap\u00e1ginas de tela a juego.<\/p>\n<p>Medidas libretas: 9.3 x 14.3 cm<\/p>\n<p>&nbsp;<\/p>\n","protected":false},"featured_media":62140,"template":"","meta":{"_acf_changed":false},"product_brand":[],"product_cat":[935,247,33],"product_tag":[],"class_list":{"0":"post-16111","1":"product","2":"type-product","3":"status-publish","4":"has-post-thumbnail","6":"product_cat-libretas-a6","7":"product_cat-libretas-personalizadas","8":"product_cat-oficina","10":"first","11":"instock","12":"taxable","13":"shipping-taxable","14":"purchasable","15":"product-type-variable"},"acf":[],"_links":{"self":[{"href":"https:\/\/rubi5.com\/staging\/wp-json\/wp\/v2\/product\/16111","targetHints":{"allow":["GET"]}}],"collection":[{"href":"https:\/\/rubi5.com\/staging\/wp-json\/wp\/v2\/product"}],"about":[{"href":"https:\/\/rubi5.com\/staging\/wp-json\/wp\/v2\/types\/product"}],"version-history":[{"count":2,"href":"https:\/\/rubi5.com\/staging\/wp-json\/wp\/v2\/product\/16111\/revisions"}],"predecessor-version":[{"id":57451,"href":"https:\/\/rubi5.com\/staging\/wp-json\/wp\/v2\/product\/16111\/revisions\/57451"}],"wp:featuredmedia":[{"embeddable":true,"href":"https:\/\/rubi5.com\/staging\/wp-json\/wp\/v2\/media\/62140"}],"wp:attachment":[{"href":"https:\/\/rubi5.com\/staging\/wp-json\/wp\/v2\/media?parent=16111"}],"wp:term":[{"taxonomy":"product_brand","embeddable":true,"href":"https:\/\/rubi5.com\/staging\/wp-json\/wp\/v2\/product_brand?post=16111"},{"taxonomy":"product_cat","embeddable":true,"href":"https:\/\/rubi5.com\/staging\/wp-json\/wp\/v2\/product_cat?post=16111"},{"taxonomy":"product_tag","embeddable":true,"href":"https:\/\/rubi5.com\/staging\/wp-json\/wp\/v2\/product_tag?post=16111"}],"curies":[{"name":"wp","href":"https:\/\/api.w.org\/{rel}","templated":true}]}}